{"id":1067,"date":"2019-11-04T11:49:52","date_gmt":"2019-11-04T10:49:52","guid":{"rendered":"\/?page_id=1067"},"modified":"2020-01-30T14:34:10","modified_gmt":"2020-01-30T13:34:10","slug":"cadre-reglementaire","status":"publish","type":"page","link":"http:\/\/www.cnrdh.gov.tn\/fr\/a-propos\/cadre-reglementaire\/","title":{"rendered":"Cadre r\u00e9glementaire"},"content":{"rendered":"<p>[vc_row el_class=&#8221;carrers_area&#8221;][vc_column width=&#8221;1\/4&#8243; el_class=&#8221;carrers_left width_100&#8243;][vc_column_text]<\/p>\n<ul class=\"nav nav-tabs\" role=\"tablist\">\n<li role=\"presentation\"><a role=\"tab\" href=\"\/fr\/a-propos\/\" aria-controls=\"carrers1\">Qui sommes-nous<\/a><\/li>\n<li class=\"active\"><a role=\"tab\" href=\"\/fr\/cadre-reglementaire\/\" aria-controls=\"carrers1\">Cadre r\u00e9glementaire<\/a><\/li>\n<li role=\"presentation\"><a role=\"tab\" href=\"\/fr\/missions\/\" aria-controls=\"carrers3\">Missions<\/a><\/li>\n<li role=\"presentation\"><a role=\"tab\" href=\"\/fr\/attributions\/\" aria-controls=\"carrers4\">Attributions<\/a><\/li>\n<li role=\"presentation\"><a role=\"tab\" href=\"\/fr\/composition\/\" aria-controls=\"carrers5\">Composition<\/a><\/li>\n<\/ul>\n<p>[\/vc_column_text][\/vc_column][vc_column width=&#8221;3\/4&#8243; el_class=&#8221;carrers_right_content width_100&#8243;][vc_single_image image=&#8221;1104&#8243; img_size=&#8221;full&#8221; el_class=&#8221;our_about_image&#8221; css=&#8221;.vc_custom_1574162636668{margin-bottom: 0px !important;}&#8221;][vc_row_inner gap=&#8221;2&#8243; el_class=&#8221;about_company&#8221; css=&#8221;.vc_custom_1574175486934{margin-right: 0px !important;margin-left: 0px !important;}&#8221;][vc_column_inner width=&#8221;1\/3&#8243; css=&#8221;.vc_custom_1574170997791{background-color: #f1f1f1 !important;}&#8221;][vc_icon icon_fontawesome=&#8221;fa fa-download&#8221; color=&#8221;custom&#8221; size=&#8221;xl&#8221; align=&#8221;center&#8221; link=&#8221;url:%2Fwp-content%2Fuploads%2F2019%2F11%2F8Annexe5Decret2015-1593fr.pdf|title:D%C3%89CRET%20GOUVERNEMENTAL%20N%C2%B0%202015-1593%20DU%2030%20OCTOBRE%202015%2C%20PORTANT%20CR%C3%89ATION%20DE%20LA%20COMMISSION%20NATIONALE%20DE%20COORDINATION%2C%20D%E2%80%99%C3%89LABORATION%20ET%20DE%20PR%C3%89SENTATION%20DES%20RAPPORTS%20ET%20DE%20SUIVI%20DES%20RECOMMANDATIONS%20DANS%20LE%20DOMAINE%20DES%20DROITS%20DE%20L%E2%80%99HOMME%20|target:%20_blank|&#8221; custom_color=&#8221;#ce1b28&#8243;][vc_column_text css=&#8221;.vc_custom_1574173053558{border-radius: 1px !important;}&#8221;]<\/p>\n<div style=\"background-color: #f1f1f1; height: 290px;\">\n<p><a style=\"color: #333;\" href=\"\/wp-content\/uploads\/2019\/11\/8Annexe5Decret2015-1593fr.pdf\">D\u00e9cret gouvernemental n\u00b0 2015-1593 du 30 octobre 2015, portant cr\u00e9ation de la commission nationale de coordination, d\u2019\u00e9laboration et de pr\u00e9sentation des rapports et de suivi des recommandations dans le domaine des droits de l\u2019homme <\/a><\/p>\n<p><small style=\"color: #999999;\">~ PDF (43KB)<\/small><\/p>\n<\/div>\n<p>[\/vc_column_text][\/vc_column_inner][vc_column_inner width=&#8221;1\/3&#8243; css=&#8221;.vc_custom_1574174458569{background-color: #f1f1f1 !important;}&#8221;][vc_icon icon_fontawesome=&#8221;fa fa-download&#8221; color=&#8221;custom&#8221; size=&#8221;xl&#8221; align=&#8221;center&#8221; link=&#8221;url:%2Fwp-content%2Fuploads%2F2019%2F11%2F8Annexe5Decret2015-1593fr.pdf|title:D%C3%89CRET%20GOUVERNEMENTAL%20N%C2%B0%202015-1593%20DU%2030%20OCTOBRE%202015%2C%20PORTANT%20CR%C3%89ATION%20DE%20LA%20COMMISSION%20NATIONALE%20DE%20COORDINATION%2C%20D%E2%80%99%C3%89LABORATION%20ET%20DE%20PR%C3%89SENTATION%20DES%20RAPPORTS%20ET%20DE%20SUIVI%20DES%20RECOMMANDATIONS%20DANS%20LE%20DOMAINE%20DES%20DROITS%20DE%20L%E2%80%99HOMME%20|target:%20_blank|&#8221; custom_color=&#8221;#ce1b28&#8243;][vc_column_text css=&#8221;.vc_custom_1574173066279{border-radius: 1px !important;}&#8221;]<\/p>\n<div style=\"background-color: #f1f1f1; height: 290px;\">\n<p><a style=\"color: #333;\" href=\"\/wp-content\/uploads\/2019\/11\/D\u00e9cret-gouvernemental-n\u00b0-2016-662-du-30-Mai-2016-Fr.pdf\">D\u00e9cret gouvernemental n\u00b0 2016-662 du 30 mai 2016, fixant l&#8217;organisation du minist\u00e8re des relations avec les instances constitutionnelles et la soci\u00e9t\u00e9 civile et des droits de l&#8217;Homme<\/a><\/p>\n<p>&nbsp;<\/p>\n<p>&nbsp;<\/p>\n<p><small style=\"color: #999999;\">~ PDF (324KB)<\/small><\/p>\n<\/div>\n<p>[\/vc_column_text][\/vc_column_inner][vc_column_inner width=&#8221;1\/3&#8243; css=&#8221;.vc_custom_1574170599500{background-color: #f1f1f1 !important;}&#8221;][vc_icon icon_fontawesome=&#8221;fa fa-download&#8221; color=&#8221;custom&#8221; size=&#8221;xl&#8221; align=&#8221;center&#8221; link=&#8221;url:%2Fwp-content%2Fuploads%2F2019%2F11%2F8Annexe5Decret2015-1593fr.pdf|title:D%C3%89CRET%20GOUVERNEMENTAL%20N%C2%B0%202015-1593%20DU%2030%20OCTOBRE%202015%2C%20PORTANT%20CR%C3%89ATION%20DE%20LA%20COMMISSION%20NATIONALE%20DE%20COORDINATION%2C%20D%E2%80%99%C3%89LABORATION%20ET%20DE%20PR%C3%89SENTATION%20DES%20RAPPORTS%20ET%20DE%20SUIVI%20DES%20RECOMMANDATIONS%20DANS%20LE%20DOMAINE%20DES%20DROITS%20DE%20L%E2%80%99HOMME%20|target:%20_blank|&#8221; custom_color=&#8221;#ce1b28&#8243;][vc_column_text css=&#8221;.vc_custom_1574175178637{border-radius: 1px !important;}&#8221;]<\/p>\n<div style=\"background-color: #f1f1f1; height: 290px;\">\n<p><a style=\"color: #333;\" href=\"\/wp-content\/uploads\/2019\/11\/\u0628\u0645\u0642\u062a\u0636\u0649-\u0642\u0631\u0627\u0631-\u0645\u0646-\u0631\u0626\u064a\u0633-\u0627\u0644\u062d\u0643\u0648\u0645\u0629-\u0645\u0624\u0631\u062e-\u0641\u064a-13-\u0645\u0627\u0631\u0633-2019.pdf\">D\u00e9cision du Chef de Gouvernement, en date du 13 Mars 2019.<\/a><\/p>\n<p>&nbsp;<\/p>\n<p>&nbsp;<\/p>\n<p>&nbsp;<\/p>\n<p>&nbsp;<\/p>\n<p>&nbsp;<\/p>\n<p><small style=\"color: #999999;\">~ PDF (491KB)<\/small><\/p>\n<\/div>\n<p>[\/vc_column_text][\/vc_column_inner][\/vc_row_inner][vc_row_inner disable_element=&#8221;yes&#8221; el_class=&#8221;we_are_content&#8221;][vc_column_inner el_class=&#8221;width_100&#8243; width=&#8221;7\/12&#8243;][vc_column_text]<\/p>\n<div class=\"we_are_text\">\n<div class=\"section_title\">\n<h2>we are stalibilish<\/h2>\n<\/div>\n<p>Nemo enim ipsam voluptatem quia voluptas sit aspernatur aut odit aut fugit, sed quia consequuntur magni dolores eos qui rat-ione voluptatem sequi nesciunt. Neque porro quisquam est, qui dolorem ipsum quia dolor sit amet, consectetur, adipisci velit, sed quia non numquam eius modi tempora.<\/p>\n<p>Ut enim ad minima veniam, quis nostrum exercitationem ullam corporis suscipit laboriosam, nisi ut aliquid ex ea commodi consequatur? Neque porro quisquam est, qui dolorem ipsum quia dolor sit amet, consectetur, adipisci velit, sed quia non numquam eius modi tempora incidunt ut labore<\/p>\n<ul>\n<li><a href=\"#\">&#8211; Building a strategic development<\/a><\/li>\n<li><a href=\"#\">&#8211; Plan is vital, as the tactics game<\/a><\/li>\n<li><a href=\"#\">&#8211; Take advantage of any investment<\/a><\/li>\n<li><a href=\"#\">&#8211; Plan a investment for future<\/a><\/li>\n<\/ul>\n<\/div>\n<p>[\/vc_column_text][\/vc_column_inner][vc_column_inner el_class=&#8221;width_100&#8243; width=&#8221;5\/12&#8243;][vc_single_image image=&#8221;395&#8243; img_size=&#8221;full&#8221; el_class=&#8221;our_about_image&#8221; css=&#8221;.vc_custom_1505803094353{margin-bottom: 0px !important;}&#8221;][vc_single_image image=&#8221;396&#8243; img_size=&#8221;full&#8221; el_class=&#8221;our_about_image&#8221; css=&#8221;.vc_custom_1505803102660{margin-bottom: 0px !important;}&#8221;][\/vc_column_inner][\/vc_row_inner][vc_row_inner disable_element=&#8221;yes&#8221; el_class=&#8221;development_process&#8221;][vc_column_inner][vc_column_text]<\/p>\n<div class=\"section_title\">\n<h2>Development Process<\/h2>\n<\/div>\n<p>Nemo enim ipsam voluptatem quia voluptas sit aspernatur aut odit aut fugit, sed quia consequuntur magni dolores eos qui ratione voluptatem sequi nesciunt. Neque porro quisquam est, qui dolorem ipsum quia dolor sit amet, consectetur, adipisci velit, sed quia non numquam eius modi tempora incidunt ut labore et dolore magnam aliquam quaerat voluptatem.[\/vc_column_text][\/vc_column_inner][\/vc_row_inner][\/vc_column][\/vc_row]<\/p>\n","protected":false},"excerpt":{"rendered":"<p>[vc_row el_class=&#8221;carrers_area&#8221;][vc_column width=&#8221;1\/4&#8243; el_class=&#8221;carrers_left width_100&#8243;][vc_column_text] Qui sommes-nous Cadre r\u00e9glementaire Missions Attributions Composition [\/vc_column_text][\/vc_column][vc_column width=&#8221;3\/4&#8243; el_class=&#8221;carrers_right_content width_100&#8243;][vc_single_image image=&#8221;1104&#8243; img_size=&#8221;full&#8221; el_class=&#8221;our_about_image&#8221; css=&#8221;.vc_custom_1574162636668{margin-bottom: 0px !important;}&#8221;][vc_row_inner gap=&#8221;2&#8243; el_class=&#8221;about_company&#8221; css=&#8221;.vc_custom_1574175486934{margin-right: 0px !important;margin-left: 0px !important;}&#8221;][vc_column_inner width=&#8221;1\/3&#8243; css=&#8221;.vc_custom_1574170997791{background-color: #f1f1f1 !important;}&#8221;][vc_icon icon_fontawesome=&#8221;fa fa-download&#8221; color=&#8221;custom&#8221; size=&#8221;xl&#8221; align=&#8221;center&#8221; link=&#8221;url:%2Fwp-content%2Fuploads%2F2019%2F11%2F8Annexe5Decret2015-1593fr.pdf|title:D%C3%89CRET%20GOUVERNEMENTAL%20N%C2%B0%202015-1593%20DU%2030%20OCTOBRE%202015%2C%20PORTANT%20CR%C3%89ATION%20DE%20LA%20COMMISSION%20NATIONALE%20DE%20COORDINATION%2C%20D%E2%80%99%C3%89LABORATION%20ET%20DE%20PR%C3%89SENTATION%20DES%20RAPPORTS%20ET%20DE%20SUIVI%20DES%20RECOMMANDATIONS%20DANS%20LE%20DOMAINE%20DES%20DROITS%20DE%20L%E2%80%99HOMME%20|target:%20_blank|&#8221; custom_color=&#8221;#ce1b28&#8243;][vc_column_text css=&#8221;.vc_custom_1574173053558{border-radius: 1px !important;}&#8221;] D\u00e9cret gouvernemental n\u00b0 2015-1593 du 30 octobre 2015, portant cr\u00e9ation de la<\/p>\n","protected":false},"author":1,"featured_media":0,"parent":28,"menu_order":0,"comment_status":"closed","ping_status":"closed","template":"","meta":[],"_links":{"self":[{"href":"http:\/\/www.cnrdh.gov.tn\/fr\/wp-json\/wp\/v2\/pages\/1067"}],"collection":[{"href":"http:\/\/www.cnrdh.gov.tn\/fr\/wp-json\/wp\/v2\/pages"}],"about":[{"href":"http:\/\/www.cnrdh.gov.tn\/fr\/wp-json\/wp\/v2\/types\/page"}],"author":[{"embeddable":true,"href":"http:\/\/www.cnrdh.gov.tn\/fr\/wp-json\/wp\/v2\/users\/1"}],"replies":[{"embeddable":true,"href":"http:\/\/www.cnrdh.gov.tn\/fr\/wp-json\/wp\/v2\/comments?post=1067"}],"version-history":[{"count":39,"href":"http:\/\/www.cnrdh.gov.tn\/fr\/wp-json\/wp\/v2\/pages\/1067\/revisions"}],"predecessor-version":[{"id":1899,"href":"http:\/\/www.cnrdh.gov.tn\/fr\/wp-json\/wp\/v2\/pages\/1067\/revisions\/1899"}],"up":[{"embeddable":true,"href":"http:\/\/www.cnrdh.gov.tn\/fr\/wp-json\/wp\/v2\/pages\/28"}],"wp:attachment":[{"href":"http:\/\/www.cnrdh.gov.tn\/fr\/wp-json\/wp\/v2\/media?parent=1067"}],"curies":[{"name":"wp","href":"https:\/\/api.w.org\/{rel}","templated":true}]}}