{"id":1072,"date":"2019-11-04T11:56:30","date_gmt":"2019-11-04T10:56:30","guid":{"rendered":"\/?page_id=1072"},"modified":"2020-01-30T14:33:59","modified_gmt":"2020-01-30T13:33:59","slug":"attributions","status":"publish","type":"page","link":"http:\/\/www.cnrdh.gov.tn\/fr\/a-propos\/attributions\/","title":{"rendered":"Attributions"},"content":{"rendered":"<p>[vc_row el_class=&#8221;carrers_area&#8221;][vc_column width=&#8221;1\/4&#8243; el_class=&#8221;carrers_left width_100&#8243;][vc_column_text]<\/p>\n<ul class=\"nav nav-tabs\" role=\"tablist\">\n<li role=\"presentation\"><a role=\"tab\" href=\"\/fr\/a-propos\/\" aria-controls=\"carrers1\">Qui sommes-nous<\/a><\/li>\n<li><a role=\"tab\" href=\"\/fr\/cadre-reglementaire\/\" aria-controls=\"carrers1\">Cadre r\u00e9glementaire<\/a><\/li>\n<li role=\"presentation\"><a role=\"tab\" href=\"\/fr\/missions\/\" aria-controls=\"carrers3\">Missions<\/a><\/li>\n<li class=\"active\" role=\"presentation\"><a role=\"tab\" href=\"\/fr\/attributions\/\" aria-controls=\"carrers4\">Attributions<\/a><\/li>\n<li role=\"presentation\"><a role=\"tab\" href=\"\/fr\/composition\/\" aria-controls=\"carrers5\">Composition<\/a><\/li>\n<\/ul>\n<p>[\/vc_column_text][\/vc_column][vc_column width=&#8221;3\/4&#8243; el_class=&#8221;carrers_right_content width_100&#8243;][vc_single_image image=&#8221;1104&#8243; img_size=&#8221;840&#215;336&#8243;][vc_tta_tabs][vc_tta_section title=&#8221;Elaboration, pr\u00e9sentation et discussion des rapports&#8221; tab_id=&#8221;1574175637190-0340bbdf-147d&#8221; el_class=&#8221;onglet&#8221;][vc_column_text]<\/p>\n<ul>\n<li>l\u2019\u00e9laboration, la pr\u00e9sentation et la discussion des rapports gouvernementaux, dans les d\u00e9lais, aupr\u00e8s des instances de trait\u00e9s onusiens et r\u00e9gionaux auxquels la R\u00e9publique Tunisienne est partie, et aupr\u00e8s du conseil des droits de l\u2019Homme et des proc\u00e9dures sp\u00e9ciales des Nations Unies ainsi que devant les instances et organes r\u00e9gionaux,<\/li>\n<li>la coordination et la coop\u00e9ration avec les diff\u00e9rentes structures et institutions nationales pour l\u2019\u00e9laboration des rapports du gouvernement tunisien et pour r\u00e9pondre aux diff\u00e9rents rapports internationaux et r\u00e9gionaux relatifs aux droits de l\u2019Homme,<\/li>\n<li>la coop\u00e9ration et l\u2019interaction, dans les limites de ses attributions, avec les organisations onusiennes et leurs agences sp\u00e9cialis\u00e9es, avec les organisations<br \/>\nr\u00e9gionales \u0153uvrant dans le domaine des droits de l\u2019Homme et avec les organisations non gouvernementales concern\u00e9es,<\/li>\n<li>la mise \u00e0 jour, le cas \u00e9ch\u00e9ant, du document de base commun pour les trait\u00e9s,<\/li>\n<li>la coordination pour la collecte d\u2019informations et de statistiques et la mise en place d\u2019une base de donn\u00e9es et d\u2019indicateurs efficaces et efficients dans le domaine des droits de l\u2019Homme.<\/li>\n<\/ul>\n<p>[\/vc_column_text][\/vc_tta_section][vc_tta_section title=&#8221;Suivi de l\u2019ex\u00e9cution des recommandations&#8221; tab_id=&#8221;1574175637189-2e3b7f48-35b6&#8243; el_class=&#8221;onglet&#8221;][vc_column_text]<\/p>\n<ul>\n<li>le suivi des observations et recommandations \u00e9manant des instances, comit\u00e9s et organes onusiens et r\u00e9gionaux dans le domaine des droits de l\u2019Homme,<\/li>\n<li>la compilation et l\u2019indexation des recommandations,<\/li>\n<li>l\u2019analyse de la port\u00e9e de chaque recommandation et l\u2019identification des parties intervenantes pour sa mise en \u0153uvre.<\/li>\n<li>l\u2019adoption de proc\u00e9dures et de principes directeurs pour garantir la coordination entre les diff\u00e9rentes parties intervenantes dans la mise en \u0153uvre des recommandations,<\/li>\n<li>l\u2019\u00e9laboration des rapports p\u00e9riodiques relatifs aux progr\u00e8s r\u00e9alis\u00e9s par le gouvernement tunisien dans le cadre du respect de ses obligations et la mise en \u0153uvre des recommandations.<\/li>\n<\/ul>\n<p>[\/vc_column_text][\/vc_tta_section][\/vc_tta_tabs][vc_row_inner disable_element=&#8221;yes&#8221; el_class=&#8221;about_company&#8221;][vc_column_inner][vc_column_text]<\/p>\n<div style=\"font-size: 16px; text-align: justify; line-height: 30px;\">\n<p><strong>Dans le cadre de l\u2019\u00e9laboration, de la pr\u00e9sentation et de la discussion des rapports :<\/strong><\/p>\n<ul>\n<li>l\u2019\u00e9laboration, la pr\u00e9sentation et la discussion des rapports gouvernementaux, dans les d\u00e9lais, aupr\u00e8s des instances de trait\u00e9s onusiens et r\u00e9gionaux auxquels la R\u00e9publique Tunisienne est partie, et aupr\u00e8s du conseil des droits de l\u2019Homme et des proc\u00e9dures sp\u00e9ciales des Nations Unies ainsi que devant les instances et organes r\u00e9gionaux,<\/li>\n<li>la coordination et la coop\u00e9ration avec les diff\u00e9rentes structures et institutions nationales pour l\u2019\u00e9laboration des rapports du gouvernement tunisien et pour r\u00e9pondre aux diff\u00e9rents rapports internationaux et r\u00e9gionaux relatifs aux droits de l\u2019Homme,<\/li>\n<li>la coop\u00e9ration et l\u2019interaction, dans les limites de ses attributions, avec les organisations onusiennes et leurs agences sp\u00e9cialis\u00e9es, avec les organisations<br \/>\nr\u00e9gionales \u0153uvrant dans le domaine des droits de l\u2019Homme et avec les organisations non gouvernementales concern\u00e9es,<\/li>\n<li>la mise \u00e0 jour, le cas \u00e9ch\u00e9ant, du document de base commun pour les trait\u00e9s,<\/li>\n<li>la coordination pour la collecte d\u2019informations et de statistiques et la mise en place d\u2019une base de donn\u00e9es et d\u2019indicateurs efficaces et efficients dans le domaine des droits de l\u2019Homme.<\/li>\n<\/ul>\n<p><strong>Dans le cadre du suivi de l\u2019ex\u00e9cution des recommandations :<\/strong><\/p>\n<ul>\n<li>le suivi des observations et recommandations \u00e9manant des instances, comit\u00e9s et organes onusiens et r\u00e9gionaux dans le domaine des droits de l\u2019Homme,<\/li>\n<li>la compilation et l\u2019indexation des recommandations,<\/li>\n<li>l\u2019analyse de la port\u00e9e de chaque recommandation et l\u2019identification des parties intervenantes pour sa mise en \u0153uvre.<\/li>\n<li>l\u2019adoption de proc\u00e9dures et de principes directeurs pour garantir la coordination entre les diff\u00e9rentes parties intervenantes dans la mise en \u0153uvre des recommandations,<\/li>\n<li>l\u2019\u00e9laboration des rapports p\u00e9riodiques relatifs aux progr\u00e8s r\u00e9alis\u00e9s par le gouvernement tunisien dans le cadre du respect de ses obligations et la mise en \u0153uvre des recommandations.<\/li>\n<\/ul>\n<\/div>\n<p>[\/vc_column_text][vc_single_image image=&#8221;392&#8243; img_size=&#8221;full&#8221; el_class=&#8221;our_about_image&#8221; css=&#8221;.vc_custom_1505802584734{margin-bottom: 0px !important;}&#8221;][vc_column_text]<\/p>\n<div class=\"section_title\">\n<h2>About company<\/h2>\n<\/div>\n<p>Nemo enim ipsam voluptatem quia voluptas sit aspernatur aut odit aut fugit, sed quia consequuntur magni dolores eos qui ratione voluptatem sequi nesciunt. Neque porro quisquam est, qui dolorem ipsum quia dolor sit amet, consectetur, adipisci velit, sed quia non numquam eius modi tempora incidunt.<\/p>\n<p>Ut enim ad minima veniam, quis nostrum exercitationem ullam corporis suscipit laboriosam, nisi ut aliquid ex ea commodi consequatur? Neque porro quisquam est, qui dolorem ipsum quia dolor sit amet, consectetur, adipisci velit, sed quia non numquam eius modi tempora incidunt ut labore et dolore magnam aliquam quaerat voluptatem. Ut enim ad minima veniam, quis nostrum exercitationem ullam corporis suscipit laboriosam, nisi ut aliquid ex ea commodi consequatur?[\/vc_column_text][\/vc_column_inner][\/vc_row_inner][vc_row_inner disable_element=&#8221;yes&#8221; el_class=&#8221;we_are_content&#8221;][vc_column_inner el_class=&#8221;width_100&#8243; width=&#8221;7\/12&#8243;][vc_column_text]<\/p>\n<div class=\"we_are_text\">\n<div class=\"section_title\">\n<h2>we are stalibilish<\/h2>\n<\/div>\n<p>Nemo enim ipsam voluptatem quia voluptas sit aspernatur aut odit aut fugit, sed quia consequuntur magni dolores eos qui rat-ione voluptatem sequi nesciunt. Neque porro quisquam est, qui dolorem ipsum quia dolor sit amet, consectetur, adipisci velit, sed quia non numquam eius modi tempora.<\/p>\n<p>Ut enim ad minima veniam, quis nostrum exercitationem ullam corporis suscipit laboriosam, nisi ut aliquid ex ea commodi consequatur? Neque porro quisquam est, qui dolorem ipsum quia dolor sit amet, consectetur, adipisci velit, sed quia non numquam eius modi tempora incidunt ut labore<\/p>\n<ul>\n<li><a href=\"#\">&#8211; Building a strategic development<\/a><\/li>\n<li><a href=\"#\">&#8211; Plan is vital, as the tactics game<\/a><\/li>\n<li><a href=\"#\">&#8211; Take advantage of any investment<\/a><\/li>\n<li><a href=\"#\">&#8211; Plan a investment for future<\/a><\/li>\n<\/ul>\n<\/div>\n<p>[\/vc_column_text][\/vc_column_inner][vc_column_inner el_class=&#8221;width_100&#8243; width=&#8221;5\/12&#8243;][vc_single_image image=&#8221;395&#8243; img_size=&#8221;full&#8221; el_class=&#8221;our_about_image&#8221; css=&#8221;.vc_custom_1505803094353{margin-bottom: 0px !important;}&#8221;][vc_single_image image=&#8221;396&#8243; img_size=&#8221;full&#8221; el_class=&#8221;our_about_image&#8221; css=&#8221;.vc_custom_1505803102660{margin-bottom: 0px !important;}&#8221;][\/vc_column_inner][\/vc_row_inner][vc_row_inner disable_element=&#8221;yes&#8221; el_class=&#8221;development_process&#8221;][vc_column_inner][vc_column_text]<\/p>\n<div class=\"section_title\">\n<h2>Development Process<\/h2>\n<\/div>\n<p>Nemo enim ipsam voluptatem quia voluptas sit aspernatur aut odit aut fugit, sed quia consequuntur magni dolores eos qui ratione voluptatem sequi nesciunt. Neque porro quisquam est, qui dolorem ipsum quia dolor sit amet, consectetur, adipisci velit, sed quia non numquam eius modi tempora incidunt ut labore et dolore magnam aliquam quaerat voluptatem.[\/vc_column_text][\/vc_column_inner][\/vc_row_inner][\/vc_column][\/vc_row]<\/p>\n","protected":false},"excerpt":{"rendered":"<p>[vc_row el_class=&#8221;carrers_area&#8221;][vc_column width=&#8221;1\/4&#8243; el_class=&#8221;carrers_left width_100&#8243;][vc_column_text] Qui sommes-nous Cadre r\u00e9glementaire Missions Attributions Composition [\/vc_column_text][\/vc_column][vc_column width=&#8221;3\/4&#8243; el_class=&#8221;carrers_right_content width_100&#8243;][vc_single_image image=&#8221;1104&#8243; img_size=&#8221;840&#215;336&#8243;][vc_tta_tabs][vc_tta_section title=&#8221;Elaboration, pr\u00e9sentation et discussion des rapports&#8221; tab_id=&#8221;1574175637190-0340bbdf-147d&#8221; el_class=&#8221;onglet&#8221;][vc_column_text] l\u2019\u00e9laboration, la pr\u00e9sentation et la discussion des rapports gouvernementaux, dans les d\u00e9lais, aupr\u00e8s des instances de trait\u00e9s onusiens et r\u00e9gionaux auxquels la R\u00e9publique Tunisienne est partie, et aupr\u00e8s du<\/p>\n","protected":false},"author":1,"featured_media":0,"parent":28,"menu_order":0,"comment_status":"closed","ping_status":"closed","template":"","meta":[],"_links":{"self":[{"href":"http:\/\/www.cnrdh.gov.tn\/fr\/wp-json\/wp\/v2\/pages\/1072"}],"collection":[{"href":"http:\/\/www.cnrdh.gov.tn\/fr\/wp-json\/wp\/v2\/pages"}],"about":[{"href":"http:\/\/www.cnrdh.gov.tn\/fr\/wp-json\/wp\/v2\/types\/page"}],"author":[{"embeddable":true,"href":"http:\/\/www.cnrdh.gov.tn\/fr\/wp-json\/wp\/v2\/users\/1"}],"replies":[{"embeddable":true,"href":"http:\/\/www.cnrdh.gov.tn\/fr\/wp-json\/wp\/v2\/comments?post=1072"}],"version-history":[{"count":20,"href":"http:\/\/www.cnrdh.gov.tn\/fr\/wp-json\/wp\/v2\/pages\/1072\/revisions"}],"predecessor-version":[{"id":1946,"href":"http:\/\/www.cnrdh.gov.tn\/fr\/wp-json\/wp\/v2\/pages\/1072\/revisions\/1946"}],"up":[{"embeddable":true,"href":"http:\/\/www.cnrdh.gov.tn\/fr\/wp-json\/wp\/v2\/pages\/28"}],"wp:attachment":[{"href":"http:\/\/www.cnrdh.gov.tn\/fr\/wp-json\/wp\/v2\/media?parent=1072"}],"curies":[{"name":"wp","href":"https:\/\/api.w.org\/{rel}","templated":true}]}}