{"id":1079,"date":"2019-11-04T12:02:41","date_gmt":"2019-11-04T11:02:41","guid":{"rendered":"\/?page_id=1079"},"modified":"2020-01-30T14:32:08","modified_gmt":"2020-01-30T13:32:08","slug":"composition","status":"publish","type":"page","link":"http:\/\/www.cnrdh.gov.tn\/fr\/a-propos\/composition\/","title":{"rendered":"Composition"},"content":{"rendered":"<p>[vc_row el_class=&#8221;carrers_area&#8221;][vc_column width=&#8221;1\/4&#8243; el_class=&#8221;carrers_left width_100&#8243;][vc_column_text]<\/p>\r\n<ul class=\"nav nav-tabs\" role=\"tablist\">\r\n<li role=\"presentation\"><a role=\"tab\" href=\"\/fr\/a-propos\/\" aria-controls=\"carrers1\">Qui sommes-nous<\/a><\/li>\r\n<li><a role=\"tab\" href=\"\/fr\/cadre-reglementaire\/\" aria-controls=\"carrers1\">Cadre r\u00e9glementaire<\/a><\/li>\r\n<li role=\"presentation\"><a role=\"tab\" href=\"\/fr\/missions\/\" aria-controls=\"carrers3\">Missions<\/a><\/li>\r\n<li role=\"presentation\"><a role=\"tab\" href=\"\/fr\/attributions\/\" aria-controls=\"carrers4\">Attributions<\/a><\/li>\r\n<li class=\"active\" role=\"presentation\"><a role=\"tab\" href=\"\/fr\/composition\/\" aria-controls=\"carrers5\">Composition<\/a><\/li>\r\n<\/ul>\r\n<p>[\/vc_column_text][\/vc_column][vc_column width=&#8221;3\/4&#8243; el_class=&#8221;carrers_right_content width_100&#8243;][vc_row_inner disable_element=&#8221;yes&#8221;][vc_column_inner][vc_gutenberg]<\/p>\r\n<table class=\"wp-block-table alignfull is-style-stripes\">\r\n<tbody>\r\n<tr>\r\n<td><strong>Nom et pr\u00e9nom<\/strong><\/td>\r\n<td>\r\n<h3><strong>Etablissement \/ tutelle<\/strong><\/h3>\r\n<\/td>\r\n<td><strong>Grade<\/strong><\/td>\r\n<\/tr>\r\n<tr>\r\n<td>M. Shahruddin Ghazaleh<\/td>\r\n<td>Repr\u00e9sentant du Premier ministre<\/td>\r\n<td>Membre<\/td>\r\n<\/tr>\r\n<tr>\r\n<td>Mme Faten Al-Sabe<\/td>\r\n<td>Repr\u00e9sentante du minist\u00e8re de la justice<\/td>\r\n<td>Membre<\/td>\r\n<\/tr>\r\n<tr>\r\n<td>Mme Sondos Al-Sheikh<\/td>\r\n<td>Repr\u00e9sentant le minist\u00e8re de la Justice<\/td>\r\n<td>Membre<\/td>\r\n<\/tr>\r\n<tr>\r\n<td>M. Adel Boudabous<\/td>\r\n<td>Repr\u00e9sentant du minist\u00e8re de la D\u00e9fense nationale<\/td>\r\n<td>Membre<\/td>\r\n<\/tr>\r\n<tr>\r\n<td>M. Marouane Bouguerra<\/td>\r\n<td>Repr\u00e9sentant du minist\u00e8re de la D\u00e9fense nationale<\/td>\r\n<td>Membre<\/td>\r\n<\/tr>\r\n<tr>\r\n<td>M. Mohammad Ali Al-Khalidi<\/td>\r\n<td>Repr\u00e9sentante du minist\u00e8re de l&#8217;Int\u00e9rieur<\/td>\r\n<td>Membre<\/td>\r\n<\/tr>\r\n<tr>\r\n<td>Mme Saida Oudi Al-Ajimi<\/td>\r\n<td>Repr\u00e9sentante du minist\u00e8re de l&#8217;Int\u00e9rieur<\/td>\r\n<td>Membre<\/td>\r\n<\/tr>\r\n<tr>\r\n<td>Mme Basma Charfi<\/td>\r\n<td>Repr\u00e9sentante du minist\u00e8re des Affaires \u00e9trang\u00e8res<\/td>\r\n<td>Membre<\/td>\r\n<\/tr>\r\n<tr>\r\n<td>M. Moez Jaradi<\/td>\r\n<td>Repr\u00e9sentant du minist\u00e8re des Affaires \u00e9trang\u00e8res<\/td>\r\n<td>Membre<\/td>\r\n<\/tr>\r\n<tr>\r\n<td>Mme Mahjouba Chertawi<\/td>\r\n<td>Repr\u00e9sentante du minist\u00e8re des Affaires religieuses<\/td>\r\n<td>Membre<\/td>\r\n<\/tr>\r\n<tr>\r\n<td>M. Mohamed Ayesh Hafsawi<\/td>\r\n<td>Repr\u00e9sentant du minist\u00e8re des Finances<\/td>\r\n<td>Membre<\/td>\r\n<\/tr>\r\n<tr>\r\n<td>Mme Samia Al-Hajri<\/td>\r\n<td>Repr\u00e9sentante du minist\u00e8re du D\u00e9veloppement, de l&#8217;Investissement et de la Coop\u00e9ration internationale<\/td>\r\n<td>Membre<\/td>\r\n<\/tr>\r\n<tr>\r\n<td>Mme Sunia Belkis Kamish<\/td>\r\n<td>Repr\u00e9sentante du minist\u00e8re des Affaires locales et de<br \/>l&#8217;Environnement<\/td>\r\n<td>Membre<\/td>\r\n<\/tr>\r\n<tr>\r\n<td>M. Fawzi Jlassi<\/td>\r\n<td>Repr\u00e9sentant du minist\u00e8re du Commerce<\/td>\r\n<td>Membre<\/td>\r\n<\/tr>\r\n<tr>\r\n<td>M. Abdel Raouf Bouzid<\/td>\r\n<td>Repr\u00e9sentant du minist\u00e8re de l&#8217;Industrie et des Petites et moyennes entreprises<\/td>\r\n<td>Membre<\/td>\r\n<\/tr>\r\n<tr>\r\n<td>M. Bouzid Nasiri<\/td>\r\n<td>Repr\u00e9sentant du minist\u00e8re de l&#8217;\u00c9ducation<\/td>\r\n<td>Membre<\/td>\r\n<\/tr>\r\n<tr>\r\n<td>M. Ihab Trabelsi<\/td>\r\n<td>Repr\u00e9sentant du Minist\u00e8re de l&#8217;agriculture, des ressources en eau et de la p\u00eache<\/td>\r\n<td>Membre<\/td>\r\n<\/tr>\r\n<tr>\r\n<td>M. Mounir Bekkai<\/td>\r\n<td>repr\u00e9sentant du minist\u00e8re de l&#8217;\u00e9quipement, de l&#8217;habitat et de l&#8217;am\u00e9nagement du territoire<\/td>\r\n<td>Membre<\/td>\r\n<\/tr>\r\n<tr>\r\n<td>M. Ali Gabado,<\/td>\r\n<td>Repr\u00e9sentant du minist\u00e8re de l&#8217;Enseignement sup\u00e9rieur et de la Recherche scientifique<\/td>\r\n<td>Membre<\/td>\r\n<\/tr>\r\n<tr>\r\n<td>Mme Wasila Ouarghui<\/td>\r\n<td>Repr\u00e9sentante du minist\u00e8re de la Sant\u00e9<\/td>\r\n<td>Membre<\/td>\r\n<\/tr>\r\n<tr>\r\n<td>M. Hamdi Khalifa<\/td>\r\n<td>Repr\u00e9sentant du minist\u00e8re des Affaires sociales<\/td>\r\n<td>Membre<\/td>\r\n<\/tr>\r\n<tr>\r\n<td>Wijdan Bin Ayad<\/td>\r\n<td>Repr\u00e9sentant le minist\u00e8re de la Formation professionnelle et de l&#8217;Emploi<\/td>\r\n<td>Membre<\/td>\r\n<\/tr>\r\n<tr>\r\n<td>Mme Rym Loucif<\/td>\r\n<td>repr\u00e9sentante du minist\u00e8re du Tourisme et de l&#8217;Artisanat<\/td>\r\n<td>Membre<\/td>\r\n<\/tr>\r\n<tr>\r\n<td>M. Wassim Dhuib<\/td>\r\n<td>Repr\u00e9sentant du minist\u00e8re des Technologies de la communication et de l&#8217;\u00e9conomie num\u00e9rique<\/td>\r\n<td>Membre<\/td>\r\n<\/tr>\r\n<tr>\r\n<td>M. Mohamed Amine Chaour<\/td>\r\n<td>Repr\u00e9sentant du minist\u00e8re des Affaires immobili\u00e8res et fonci\u00e8res<\/td>\r\n<td>Membre<\/td>\r\n<\/tr>\r\n<tr>\r\n<td>M. Iskandar Hammami<\/td>\r\n<td>Repr\u00e9sentant du minist\u00e8re des Affaires culturelles<\/td>\r\n<td>Membre<\/td>\r\n<\/tr>\r\n<tr>\r\n<td>M. Nasser Ben Hamda<\/td>\r\n<td>Repr\u00e9sentant du minist\u00e8re des Transports<\/td>\r\n<td>Membre<\/td>\r\n<\/tr>\r\n<tr>\r\n<td>M. Khalid Najimi<\/td>\r\n<td>Repr\u00e9sentant du minist\u00e8re de la Jeunesse et des Sports<\/td>\r\n<td>Membre<\/td>\r\n<\/tr>\r\n<tr>\r\n<td>Mme Rabab Ayari<\/td>\r\n<td>Repr\u00e9sentante du minist\u00e8re de la Femme, de la Famille, de l&#8217;Enfance et des Personnes \u00e2g\u00e9es<\/td>\r\n<td>Membre<\/td>\r\n<\/tr>\r\n<tr>\r\n<td>M. Waleed Al-Zaidi<\/td>\r\n<td>Repr\u00e9sentant du minist\u00e8re de la Fonction publique et de la Modernisation de l&#8217;administration publique et des politiques<\/td>\r\n<td>Membre<\/td>\r\n<\/tr>\r\n<tr>\r\n<td>M. Nizar Barakouti<\/td>\r\n<td>Repr\u00e9sentant des int\u00e9r\u00eats des relations avec les organes constitutionnels, la soci\u00e9t\u00e9 civile et les droits de l&#8217;homme<\/td>\r\n<td>Membre<\/td>\r\n<\/tr>\r\n<tr>\r\n<td>Mme Imen al-kalai<\/td>\r\n<td>Rapporteur repr\u00e9sentant les int\u00e9r\u00eats des relations avec les organes constitutionnels, la soci\u00e9t\u00e9 civile et les droits de l&#8217;homme<\/td>\r\n<td>Membre du rapporteur<\/td>\r\n<\/tr>\r\n<tr>\r\n<td>Mme Arabia Ferchichi<\/td>\r\n<td>Repr\u00e9sentante de l&#8217;Institut national de la statistique<\/td>\r\n<td>Membre<\/td>\r\n<\/tr>\r\n<\/tbody>\r\n<\/table>\r\n<p>[\/vc_gutenberg][\/vc_column_inner][\/vc_row_inner][vc_row_inner disable_element=&#8221;yes&#8221; el_class=&#8221;about_company&#8221;][vc_column_inner][vc_single_image image=&#8221;392&#8243; img_size=&#8221;full&#8221; el_class=&#8221;our_about_image&#8221; css=&#8221;.vc_custom_1505802584734{margin-bottom: 0px !important;}&#8221;][vc_column_text]<\/p>\r\n<div class=\"section_title\">\r\n<h2>About company<\/h2>\r\n<\/div>\r\n<p>Nemo enim ipsam voluptatem quia voluptas sit aspernatur aut odit aut fugit, sed quia consequuntur magni dolores eos qui ratione voluptatem sequi nesciunt. Neque porro quisquam est, qui dolorem ipsum quia dolor sit amet, consectetur, adipisci velit, sed quia non numquam eius modi tempora incidunt.<\/p>\r\n<p>Ut enim ad minima veniam, quis nostrum exercitationem ullam corporis suscipit laboriosam, nisi ut aliquid ex ea commodi consequatur? Neque porro quisquam est, qui dolorem ipsum quia dolor sit amet, consectetur, adipisci velit, sed quia non numquam eius modi tempora incidunt ut labore et dolore magnam aliquam quaerat voluptatem. Ut enim ad minima veniam, quis nostrum exercitationem ullam corporis suscipit laboriosam, nisi ut aliquid ex ea commodi consequatur?[\/vc_column_text][\/vc_column_inner][\/vc_row_inner][vc_row_inner disable_element=&#8221;yes&#8221; el_class=&#8221;we_are_content&#8221;][vc_column_inner el_class=&#8221;width_100&#8243; width=&#8221;7\/12&#8243;][vc_gutenberg]<\/p>\r\n<p>Hello! This is the Gutenberg block you can edit directly from the WPBakery Page Builder.<\/p>\r\n<p>[\/vc_gutenberg][vc_column_text]<\/p>\r\n<div class=\"we_are_text\">\r\n<div class=\"section_title\">\r\n<h2>we are stalibilish<\/h2>\r\n<\/div>\r\n<p>Nemo enim ipsam voluptatem quia voluptas sit aspernatur aut odit aut fugit, sed quia consequuntur magni dolores eos qui rat-ione voluptatem sequi nesciunt. Neque porro quisquam est, qui dolorem ipsum quia dolor sit amet, consectetur, adipisci velit, sed quia non numquam eius modi tempora.<\/p>\r\n<p>Ut enim ad minima veniam, quis nostrum exercitationem ullam corporis suscipit laboriosam, nisi ut aliquid ex ea commodi consequatur? Neque porro quisquam est, qui dolorem ipsum quia dolor sit amet, consectetur, adipisci velit, sed quia non numquam eius modi tempora incidunt ut labore<\/p>\r\n<ul>\r\n<li><a href=\"#\">&#8211; Building a strategic development<\/a><\/li>\r\n<li><a href=\"#\">&#8211; Plan is vital, as the tactics game<\/a><\/li>\r\n<li><a href=\"#\">&#8211; Take advantage of any investment<\/a><\/li>\r\n<li><a href=\"#\">&#8211; Plan a investment for future<\/a><\/li>\r\n<\/ul>\r\n<\/div>\r\n<p>[\/vc_column_text][\/vc_column_inner][vc_column_inner el_class=&#8221;width_100&#8243; width=&#8221;5\/12&#8243;][vc_single_image image=&#8221;395&#8243; img_size=&#8221;full&#8221; el_class=&#8221;our_about_image&#8221; css=&#8221;.vc_custom_1505803094353{margin-bottom: 0px !important;}&#8221;][vc_single_image image=&#8221;396&#8243; img_size=&#8221;full&#8221; el_class=&#8221;our_about_image&#8221; css=&#8221;.vc_custom_1505803102660{margin-bottom: 0px !important;}&#8221;][\/vc_column_inner][\/vc_row_inner][vc_row_inner disable_element=&#8221;yes&#8221; el_class=&#8221;development_process&#8221;][vc_column_inner][vc_column_text]<\/p>\r\n<div class=\"section_title\">\r\n<h2>Development Process<\/h2>\r\n<\/div>\r\n<p>Nemo enim ipsam voluptatem quia voluptas sit aspernatur aut odit aut fugit, sed quia consequuntur magni dolores eos qui ratione voluptatem sequi nesciunt. Neque porro quisquam est, qui dolorem ipsum quia dolor sit amet, consectetur, adipisci velit, sed quia non numquam eius modi tempora incidunt ut labore et dolore magnam aliquam quaerat voluptatem.[\/vc_column_text][\/vc_column_inner][\/vc_row_inner][vc_row_inner][vc_column_inner][vc_single_image image=&#8221;1104&#8243; img_size=&#8221;840&#215;336&#8243;][vc_column_text]<\/p>\r\n<p style=\"font-size: 16px;\">Ce qui suit est appel\u00e9 les dames et messieurs mentionn\u00e9s, les membres du Comit\u00e9 national de coordination et de la pr\u00e9paration et la pr\u00e9sentation des rapports et des recommandations de suivi dans le domaine des droits de l&#8217;homme :<\/p>\r\n<p>[\/vc_column_text][vc_column_text]<\/p>\r\n<table>\r\n<tbody>\r\n<tr style=\"background-color: #f1f1f1;\">\r\n<td width=\"217\">\r\n<p style=\"text-align: center; color: #ce1b28;\"><strong>Nom et pr\u00e9nom<\/strong><\/p>\r\n<\/td>\r\n<td width=\"293\">\r\n<p style=\"text-align: center; color: #ce1b28;\"><strong>Tutelle<\/strong><\/p>\r\n<\/td>\r\n<td width=\"94\">\r\n<p style=\"text-align: center; color: #ce1b28;\"><strong>Qualit\u00e9<\/strong><\/p>\r\n<\/td>\r\n<\/tr>\r\n<tr>\r\n<td width=\"217\"><strong>M. ShahrEddin Ghazaleh<\/strong><\/td>\r\n<td width=\"293\">Repr\u00e9sentant du Premier ministre<\/td>\r\n<td width=\"94\">Membre<\/td>\r\n<\/tr>\r\n<tr style=\"background-color: #f1f1f1;\">\r\n<td width=\"217\"><strong>Mme Faten Al-Sabei<\/strong><\/td>\r\n<td width=\"293\">Repr\u00e9sentante du minist\u00e8re de la justice<\/td>\r\n<td width=\"94\">Membre<\/td>\r\n<\/tr>\r\n<tr>\r\n<td width=\"217\"><strong>Mme Sondos Al-Sheikh<\/strong><\/td>\r\n<td width=\"293\">Repr\u00e9sentant le minist\u00e8re de la Justice<\/td>\r\n<td width=\"94\">Membre<\/td>\r\n<\/tr>\r\n<tr style=\"background-color: #f1f1f1;\">\r\n<td width=\"217\"><strong>M. Adel Boudabous<\/strong><\/td>\r\n<td width=\"293\">Repr\u00e9sentant du minist\u00e8re de la D\u00e9fense nationale<\/td>\r\n<td width=\"94\">Membre<\/td>\r\n<\/tr>\r\n<tr>\r\n<td width=\"217\"><strong>M. Marouane Bouguerra<\/strong><\/td>\r\n<td width=\"293\">Repr\u00e9sentant du minist\u00e8re de la D\u00e9fense nationale<\/td>\r\n<td width=\"94\">Membre<\/td>\r\n<\/tr>\r\n<tr style=\"background-color: #f1f1f1;\">\r\n<td width=\"217\"><strong>M. Mohammad Ali Al-Khalidi<\/strong><\/td>\r\n<td width=\"293\">Repr\u00e9sentante du minist\u00e8re de l\u2019Int\u00e9rieur<\/td>\r\n<td width=\"94\">Membre<\/td>\r\n<\/tr>\r\n<tr>\r\n<td width=\"217\"><strong>Mme Saida Oudi Al-Ajimi<\/strong><\/td>\r\n<td width=\"293\">Repr\u00e9sentante du minist\u00e8re de l\u2019Int\u00e9rieur<\/td>\r\n<td width=\"94\">Membre<\/td>\r\n<\/tr>\r\n<tr style=\"background-color: #f1f1f1;\">\r\n<td width=\"217\"><strong>Mme Basma Charfi<\/strong><\/td>\r\n<td width=\"293\">Repr\u00e9sentante du minist\u00e8re des Affaires \u00e9trang\u00e8res<\/td>\r\n<td width=\"94\">Membre<\/td>\r\n<\/tr>\r\n<tr>\r\n<td width=\"217\"><strong>M. Moez Jaradi<\/strong><\/td>\r\n<td width=\"293\">Repr\u00e9sentant du minist\u00e8re des Affaires \u00e9trang\u00e8res<\/td>\r\n<td width=\"94\">Membre<\/td>\r\n<\/tr>\r\n<tr style=\"background-color: #f1f1f1;\">\r\n<td width=\"217\"><strong>Mme Mahjouba Chertawi<\/strong><\/td>\r\n<td width=\"293\">Repr\u00e9sentante du minist\u00e8re des Affaires religieuses<\/td>\r\n<td width=\"94\">Membre<\/td>\r\n<\/tr>\r\n<tr>\r\n<td width=\"217\"><strong>M. Mohamed Ayesh Hafsawi<\/strong><\/td>\r\n<td width=\"293\">Repr\u00e9sentant du minist\u00e8re des Finances<\/td>\r\n<td width=\"94\">Membre<\/td>\r\n<\/tr>\r\n<tr style=\"background-color: #f1f1f1;\">\r\n<td width=\"217\"><strong>Mme Samia Al-Hajri<\/strong><\/td>\r\n<td width=\"293\">Repr\u00e9sentante du minist\u00e8re du D\u00e9veloppement, de l\u2019Investissement et de la Coop\u00e9ra\u00adtion internationale<\/td>\r\n<td width=\"94\">Membre<\/td>\r\n<\/tr>\r\n<tr>\r\n<td width=\"217\"><strong>Mme Sonia Belkis Kamish<\/strong><\/td>\r\n<td width=\"293\">Repr\u00e9sentante du minist\u00e8re des Affaires locales et de l\u2019Environnement<\/td>\r\n<td width=\"94\">Membre<\/td>\r\n<\/tr>\r\n<tr style=\"background-color: #f1f1f1;\">\r\n<td width=\"217\"><strong>M. Fawzi Jlassi<\/strong><\/td>\r\n<td width=\"293\">Repr\u00e9sentant du minist\u00e8re du Commerce<\/td>\r\n<td width=\"94\">Membre<\/td>\r\n<\/tr>\r\n<tr>\r\n<td width=\"217\"><strong>M. Abdel Raouf Bouzid<\/strong><\/td>\r\n<td width=\"293\">Repr\u00e9sentant du minist\u00e8re de l\u2019Industrie et des Petites et moyennes entreprises<\/td>\r\n<td width=\"94\">Membre<\/td>\r\n<\/tr>\r\n<tr style=\"background-color: #f1f1f1;\">\r\n<td width=\"217\"><strong>M. Bouzid Nasiri<\/strong><\/td>\r\n<td width=\"293\">Repr\u00e9sentant du minist\u00e8re de l\u2019\u00c9ducation<\/td>\r\n<td width=\"94\">Membre<\/td>\r\n<\/tr>\r\n<tr>\r\n<td width=\"217\"><strong>M. Ihab Trabelsi<\/strong><\/td>\r\n<td width=\"293\">Repr\u00e9sentant du Minist\u00e8re de l\u2019agriculture, des ressources en eau et de la p\u00eache<\/td>\r\n<td width=\"94\">Membre<\/td>\r\n<\/tr>\r\n<tr style=\"background-color: #f1f1f1;\">\r\n<td width=\"217\"><strong>M. Mounir Bekkai<\/strong><\/td>\r\n<td width=\"293\">repr\u00e9sentant du minist\u00e8re de l\u2019\u00e9quipement, de l\u2019habitat et de l\u2019am\u00e9nagement du territoire<\/td>\r\n<td width=\"94\">Membre<\/td>\r\n<\/tr>\r\n<tr>\r\n<td width=\"217\"><strong>M. Ali Gabado,<\/strong><\/td>\r\n<td width=\"293\">Repr\u00e9sentant du minist\u00e8re de l\u2019Enseignement sup\u00e9rieur et de la Recherche scientifique<\/td>\r\n<td width=\"94\">Membre<\/td>\r\n<\/tr>\r\n<tr style=\"background-color: #f1f1f1;\">\r\n<td width=\"217\"><strong>Mme Wasila Ouarghui<\/strong><\/td>\r\n<td width=\"293\">Repr\u00e9sentante du minist\u00e8re de la Sant\u00e9<\/td>\r\n<td width=\"94\">Membre<\/td>\r\n<\/tr>\r\n<tr>\r\n<td width=\"217\"><strong>M. Hamdi Khalifa<\/strong><\/td>\r\n<td width=\"293\">Repr\u00e9sentant du minist\u00e8re des Affaires sociales<\/td>\r\n<td width=\"94\">Membre<\/td>\r\n<\/tr>\r\n<tr style=\"background-color: #f1f1f1;\">\r\n<td width=\"217\"><strong>Wijdan Bin Ayad<\/strong><\/td>\r\n<td width=\"293\">Repr\u00e9sentant le minist\u00e8re de la Formation professionnelle et de l\u2019Emploi<\/td>\r\n<td width=\"94\">Membre<\/td>\r\n<\/tr>\r\n<tr>\r\n<td width=\"217\"><strong>Mme Rym Loucif<\/strong><\/td>\r\n<td width=\"293\">repr\u00e9sentante du minist\u00e8re du Tourisme et de l\u2019Artisanat<\/td>\r\n<td width=\"94\">Membre<\/td>\r\n<\/tr>\r\n<tr style=\"background-color: #f1f1f1;\">\r\n<td width=\"217\"><strong>M. Wassim Dhuib<\/strong><\/td>\r\n<td width=\"293\">Repr\u00e9sentant du minist\u00e8re des Technologies de la communication et de l\u2019\u00e9conomie num\u00e9rique<\/td>\r\n<td width=\"94\">Membre<\/td>\r\n<\/tr>\r\n<tr>\r\n<td width=\"217\"><strong>M. Mohamed Amine Chaour<\/strong><\/td>\r\n<td width=\"293\">Repr\u00e9sentant du minist\u00e8re des Affaires immobili\u00e8res et fonci\u00e8res<\/td>\r\n<td width=\"94\">Membre<\/td>\r\n<\/tr>\r\n<tr style=\"background-color: #f1f1f1;\">\r\n<td width=\"217\"><strong>M. Iskandar Hammami<\/strong><\/td>\r\n<td width=\"293\">Repr\u00e9sentant du minist\u00e8re des Affaires culturelles<\/td>\r\n<td width=\"94\">Membre<\/td>\r\n<\/tr>\r\n<tr>\r\n<td width=\"217\"><strong>M. Nasser Ben Hamda<\/strong><\/td>\r\n<td width=\"293\">Repr\u00e9sentant du minist\u00e8re des Transports<\/td>\r\n<td width=\"94\">Membre<\/td>\r\n<\/tr>\r\n<tr style=\"background-color: #f1f1f1;\">\r\n<td width=\"217\"><strong>M. Khalid Najimi<\/strong><\/td>\r\n<td width=\"293\">Repr\u00e9sentant du minist\u00e8re de la Jeunesse et des Sports<\/td>\r\n<td width=\"94\">Membre<\/td>\r\n<\/tr>\r\n<tr>\r\n<td width=\"217\"><strong>Mme Rabab Ayari<\/strong><\/td>\r\n<td width=\"293\">Repr\u00e9sentante du minist\u00e8re de la Femme, de la Famille, de l\u2019Enfance et des Personnes \u00e2g\u00e9es<\/td>\r\n<td width=\"94\">Membre<\/td>\r\n<\/tr>\r\n<tr style=\"background-color: #f1f1f1;\">\r\n<td width=\"217\"><strong>M. Waleed Al-Zaidi<\/strong><\/td>\r\n<td width=\"293\">Repr\u00e9sentant du minist\u00e8re de la Fonction publique et de la Modernisation de l\u2019administration publique et des politiques<\/td>\r\n<td width=\"94\">Membre<\/td>\r\n<\/tr>\r\n<tr>\r\n<td width=\"217\"><strong>M. Nizar Barakouti<\/strong><\/td>\r\n<td width=\"293\">Repr\u00e9sentant des int\u00e9r\u00eats des relations avec les organes constitutionnels, la soci\u00e9t\u00e9 civile et les droits de l\u2019homme<\/td>\r\n<td width=\"94\">Membre<\/td>\r\n<\/tr>\r\n<tr style=\"background-color: #f1f1f1;\">\r\n<td width=\"217\"><strong>Mme Imen al-kalai<\/strong><\/td>\r\n<td width=\"293\">Rapporteur repr\u00e9sentant les int\u00e9r\u00eats des relations avec les organes constitutionnels, la soci\u00e9t\u00e9 civile et les droits de l\u2019homme<\/td>\r\n<td width=\"94\">Membre du rapporteur<\/td>\r\n<\/tr>\r\n<tr>\r\n<td width=\"217\"><strong>Mme Arabia Ferchichi<\/strong><\/td>\r\n<td width=\"293\">Repr\u00e9sentante de l\u2019Institut national de la statistique<\/td>\r\n<td width=\"94\">Membre<\/td>\r\n<\/tr>\r\n<\/tbody>\r\n<\/table>\r\n<p>[\/vc_column_text][\/vc_column_inner][\/vc_row_inner][\/vc_column][\/vc_row]<\/p>","protected":false},"excerpt":{"rendered":"<p>[vc_row el_class=&#8221;carrers_area&#8221;][vc_column width=&#8221;1\/4&#8243; el_class=&#8221;carrers_left width_100&#8243;][vc_column_text] Qui sommes-nous Cadre r\u00e9glementaire Missions Attributions Composition [\/vc_column_text][\/vc_column][vc_column width=&#8221;3\/4&#8243; el_class=&#8221;carrers_right_content width_100&#8243;][vc_row_inner disable_element=&#8221;yes&#8221;][vc_column_inner][vc_gutenberg] Nom et pr\u00e9nom Etablissement \/ tutelle Grade M. Shahruddin Ghazaleh Repr\u00e9sentant du Premier ministre Membre Mme Faten Al-Sabe Repr\u00e9sentante du minist\u00e8re de la justice Membre Mme Sondos Al-Sheikh Repr\u00e9sentant le minist\u00e8re de la Justice Membre M. Adel Boudabous<\/p>\n","protected":false},"author":1,"featured_media":0,"parent":28,"menu_order":0,"comment_status":"closed","ping_status":"closed","template":"","meta":[],"_links":{"self":[{"href":"http:\/\/www.cnrdh.gov.tn\/fr\/wp-json\/wp\/v2\/pages\/1079"}],"collection":[{"href":"http:\/\/www.cnrdh.gov.tn\/fr\/wp-json\/wp\/v2\/pages"}],"about":[{"href":"http:\/\/www.cnrdh.gov.tn\/fr\/wp-json\/wp\/v2\/types\/page"}],"author":[{"embeddable":true,"href":"http:\/\/www.cnrdh.gov.tn\/fr\/wp-json\/wp\/v2\/users\/1"}],"replies":[{"embeddable":true,"href":"http:\/\/www.cnrdh.gov.tn\/fr\/wp-json\/wp\/v2\/comments?post=1079"}],"version-history":[{"count":26,"href":"http:\/\/www.cnrdh.gov.tn\/fr\/wp-json\/wp\/v2\/pages\/1079\/revisions"}],"predecessor-version":[{"id":1894,"href":"http:\/\/www.cnrdh.gov.tn\/fr\/wp-json\/wp\/v2\/pages\/1079\/revisions\/1894"}],"up":[{"embeddable":true,"href":"http:\/\/www.cnrdh.gov.tn\/fr\/wp-json\/wp\/v2\/pages\/28"}],"wp:attachment":[{"href":"http:\/\/www.cnrdh.gov.tn\/fr\/wp-json\/wp\/v2\/media?parent=1079"}],"curies":[{"name":"wp","href":"https:\/\/api.w.org\/{rel}","templated":true}]}}