{"id":1175,"date":"2019-11-14T22:17:05","date_gmt":"2019-11-14T21:17:05","guid":{"rendered":"\/?page_id=1175"},"modified":"2020-01-29T09:46:25","modified_gmt":"2020-01-29T08:46:25","slug":"etat-des-ratifications","status":"publish","type":"page","link":"http:\/\/www.cnrdh.gov.tn\/fr\/organisation-des-nations-unies\/etat-des-ratifications\/","title":{"rendered":"Etat des ratifications"},"content":{"rendered":"<p>[vc_row][vc_column css=&#8221;.vc_custom_1580286896530{margin-bottom: 30px !important;}&#8221;][vc_column_text]<\/p>\r\n<ul>\r\n<li style=\"font-size: 18px; font-weight: bold;\"><a href=\"#tab1\">Statut de ratification pour Tunisie<\/a><\/li>\r\n<li style=\"font-size: 18px;\"><a href=\"#tab2\"><strong>Acceptation des proc\u00e9dures de plaintes individuelles pour Tunisie<\/strong><\/a><\/li>\r\n<li style=\"font-size: 18px;\"><a href=\"#tab3\"><strong data-rich-text-format-boundary=\"true\">Acceptation de la proc\u00e9dure d&#8217;enqu\u00eate pour Tunisie<\/strong><\/a><\/li>\r\n<\/ul>\r\n<p>[\/vc_column_text][\/vc_column][\/vc_row][vc_row el_id=&#8221;tab1&#8243;][vc_column css=&#8221;.vc_custom_1580287551592{margin-top: 30px !important;margin-bottom: 30px !important;}&#8221;][vc_column_text]<\/p>\r\n<table class=\"wp-block-table alignfull is-style-stripes\">\r\n<thead>\r\n<tr style=\"background: #CE1B28; color: #fff;\">\r\n<td style=\"width: 815px; font-size: 16px;\"><strong>Trait\u00e9<\/strong><\/td>\r\n<td style=\"width: 175px; font-size: 16px;\"><strong>Date de signature<\/strong><\/td>\r\n<td style=\"width: 175px; font-size: 16px;\"><strong>Date de ratification, Date d\u2019adh\u00e9sion (a), de succession (d)<\/strong><\/td>\r\n<\/tr>\r\n<\/thead>\r\n<tbody>\r\n<tr>\r\n<td>CERD \u2013 Convention internationale sur l\u2019\u00e9limination de toutes les formes de discrimination raciale<\/td>\r\n<td>12 Avril 1966<\/td>\r\n<td>13 janvier 1967<\/td>\r\n<\/tr>\r\n<tr>\r\n<td>CCPR \u2013 Pacte international relatif aux droits civils et politiques<\/td>\r\n<td>30 avr. 1968<\/td>\r\n<td>18 mars 1969<\/td>\r\n<\/tr>\r\n<tr>\r\n<td>CESCR \u2013 Pacte international relatif aux droits \u00e9conomiques, sociaux et culturels<\/td>\r\n<td>30 avr. 1968<\/td>\r\n<td>18 mars 1969<\/td>\r\n<\/tr>\r\n<tr>\r\n<td>CEDAW \u2013 Convention sur l\u2019\u00e9limination de toutes les formes de discrimination \u00e0 l\u2019\u00e9gard des femmes<\/td>\r\n<td>24 juil. 1980<\/td>\r\n<td>20 sept. 1985<\/td>\r\n<\/tr>\r\n<tr>\r\n<td>CAT \u2013 Convention contre la torture et autres peines ou traitements cruels, inhumains ou d\u00e9gradants<\/td>\r\n<td>26 ao\u00fbt 1987<\/td>\r\n<td>23 sept. 1988<\/td>\r\n<\/tr>\r\n<tr>\r\n<td>CRC \u2013 Convention relative aux droits de l\u2019enfant<\/td>\r\n<td>26 f\u00e9vr. 1990<\/td>\r\n<td>30 janv. 1992<\/td>\r\n<\/tr>\r\n<tr>\r\n<td>CRC-OP-SC \u2013 Protocole facultatif \u00e0 la Convention relative aux droits de l\u2019enfant, concernant la vente d\u2019enfants, la prostitution des enfants et la pornographie mettant en sc\u00e8ne des enfants<\/td>\r\n<td>22 avr. 2002<\/td>\r\n<td>13 sept. 2002<\/td>\r\n<\/tr>\r\n<tr>\r\n<td>CRC-OP-AC \u2013 Protocole facultatif \u00e0 la Convention relative aux droits de l\u2019enfant, concernant l\u2019implication d\u2019enfants dans les conflits arm\u00e9s<\/td>\r\n<td>22 avr. 2002<\/td>\r\n<td>02 janv. 2003<\/td>\r\n<\/tr>\r\n<tr>\r\n<td>CRPD \u2013 Convention relative aux droits des personnes handicap\u00e9es<\/td>\r\n<td>30 mars 2007<\/td>\r\n<td>02 avr. 2008<\/td>\r\n<\/tr>\r\n<tr>\r\n<td>CAT-OP \u2013 Protocole facultatif \u00e0 la Convention contre la torture et autres peines ou traitements cruels, inhumains ou d\u00e9gradants<\/td>\r\n<td>\u00a0<\/td>\r\n<td>29 juin 2011\u00a0(a)<\/td>\r\n<\/tr>\r\n<tr>\r\n<td>CED \u2013 Convention internationale pour la protection de toutes les personnes contre les disparitions forc\u00e9es<\/td>\r\n<td>06 f\u00e9vr. 2007<\/td>\r\n<td>29 juin 2011<\/td>\r\n<\/tr>\r\n<\/tbody>\r\n<\/table>\r\n<p>[\/vc_column_text][\/vc_column][\/vc_row][vc_row disable_element=&#8221;yes&#8221;][vc_column][vc_gutenberg]<\/p>\r\n<p>&nbsp;<\/p>\r\n\r\n<table class=\"wp-block-table alignfull is-style-stripes\">\r\n<thead>\r\n<tr>\r\n<td style=\"font-weight: bold; font-size: 16px; background-color: #ce1b28; color: #f1f1f1; width: 70%;\">Trait\u00e9<\/td>\r\n<td style=\"font-weight: bold; font-size: 16px; background-color: #ce1b28; color: #f1f1f1;\">Date de signature<\/td>\r\n<td style=\"word-break: break-word; font-weight: bold; font-size: 16px; background-color: #ce1b28; color: #f1f1f1;\">Date de ratification, Date d&#8217;adh\u00e9sion (a), de succession (d)<\/td>\r\n<\/tr>\r\n<\/thead>\r\n<tbody>\r\n<tr>\r\n<td>CERD &#8211; Convention internationale sur l&#8217;\u00e9limination de toutes les formes de discrimination raciale<\/td>\r\n<td>12 Avril 1966<\/td>\r\n<td>13 janvier 1967<\/td>\r\n<\/tr>\r\n<tr>\r\n<td>CCPR &#8211; Pacte international relatif aux droits civils et politiques<\/td>\r\n<td>30 avr. 1968<\/td>\r\n<td>18 mars 1969<\/td>\r\n<\/tr>\r\n<tr>\r\n<td>CESCR &#8211; Pacte international relatif aux droits \u00e9conomiques, sociaux et culturels<\/td>\r\n<td>30 avr. 1968<\/td>\r\n<td>18 mars 1969<\/td>\r\n<\/tr>\r\n<tr>\r\n<td>CEDAW &#8211; Convention sur l&#8217;\u00e9limination de toutes les formes de discrimination \u00e0 l&#8217;\u00e9gard des femmes<\/td>\r\n<td>24 juil. 1980<\/td>\r\n<td>20 sept. 1985<\/td>\r\n<\/tr>\r\n<tr>\r\n<td>CAT &#8211; Convention contre la torture et autres peines ou traitements cruels, inhumains ou d\u00e9gradants<\/td>\r\n<td>26 ao\u00fbt 1987<\/td>\r\n<td>23 sept. 1988<\/td>\r\n<\/tr>\r\n<tr>\r\n<td>CRC &#8211; Convention relative aux droits de l&#8217;enfant<\/td>\r\n<td>26 f\u00e9vr. 1990<\/td>\r\n<td>30 janv. 1992<\/td>\r\n<\/tr>\r\n<tr>\r\n<td>CRC-OP-SC &#8211; Protocole facultatif \u00e0 la Convention relative aux droits de l&#8217;enfant, concernant la vente d&#8217;enfants, la prostitution des enfants et la pornographie mettant en sc\u00e8ne des enfants<\/td>\r\n<td>22 avr. 2002<\/td>\r\n<td>13 sept. 2002<\/td>\r\n<\/tr>\r\n<tr>\r\n<td>CRC-OP-AC &#8211; Protocole facultatif \u00e0 la Convention relative aux droits de l&#8217;enfant, concernant l&#8217;implication d&#8217;enfants dans les conflits arm\u00e9s<\/td>\r\n<td>22 avr. 2002<\/td>\r\n<td>02 janv. 2003<\/td>\r\n<\/tr>\r\n<tr>\r\n<td>CRPD &#8211; Convention relative aux droits des personnes handicap\u00e9es<\/td>\r\n<td>30 mars 2007<\/td>\r\n<td>02 avr. 2008<\/td>\r\n<\/tr>\r\n<tr>\r\n<td>CAT-OP &#8211; Protocole facultatif \u00e0 la Convention contre la torture et autres peines ou traitements cruels, inhumains ou d\u00e9gradants<\/td>\r\n<td>\u00a0<\/td>\r\n<td>29 juin 2011\u00a0(a)<\/td>\r\n<\/tr>\r\n<tr>\r\n<td>CED &#8211; Convention internationale pour la protection de toutes les personnes contre les disparitions forc\u00e9es<\/td>\r\n<td>06 f\u00e9vr. 2007<\/td>\r\n<td>29 juin 2011<\/td>\r\n<\/tr>\r\n<\/tbody>\r\n<\/table>\r\n<p>[\/vc_gutenberg][vc_gutenberg]<br \/><\/p>\r\n<h2>\u00a0<\/h2>\r\n<p><br \/><\/p>\r\n<table class=\"wp-block-table alignfull is-style-stripes\">\r\n<tbody>\r\n<tr>\r\n<td style=\"font-weight: bold; font-size: 16px; background-color: #ce1b28; color: #f1f1f1; width: 70%;\">Trait\u00e9<\/td>\r\n<td style=\"font-weight: bold; font-size: 16px; background-color: #ce1b28; color: #f1f1f1;\">Acceptation des proc\u00e9dures de plaintes individuelles<\/td>\r\n<td style=\"font-weight: bold; font-size: 16px; background-color: #ce1b28; color: #f1f1f1;\">Date de l&#8217;acceptation\/non acceptation<\/td>\r\n<\/tr>\r\n<tr>\r\n<td>CAT, Art.22 &#8211; Proc\u00e9dure de plaintes individuelles sous la Convention contre la torture<\/td>\r\n<td>OUI<\/td>\r\n<td>23 sept. 1988<\/td>\r\n<\/tr>\r\n<tr>\r\n<td>CCPR-OP1 &#8211; Protocole facultatif se rapportant au Pacte international relatif aux droits civils et politiques<\/td>\r\n<td>OUI<\/td>\r\n<td>29 juin 2011<\/td>\r\n<\/tr>\r\n<tr>\r\n<td>CED, Art.31 &#8211; Proc\u00e9dure de plaintes individuelles sous la Convention internationale sur la protection de toutes les personnes contre les disparitions forc\u00e9es<\/td>\r\n<td>N\/A<\/td>\r\n<td>\u00a0<\/td>\r\n<\/tr>\r\n<tr>\r\n<td>CEDAW-OP &#8211; Protocole facultatif \u00e0 la Convention sur l&#8217;\u00e9limination de toutes les formes de discrimination \u00e0 l&#8217;\u00e9gard des femmes<\/td>\r\n<td>OUI<\/td>\r\n<td>23 sept. 2008<\/td>\r\n<\/tr>\r\n<tr>\r\n<td>CERD, Art.14 &#8211; Proc\u00e9dure de plaintes individuelles sous la Convention internationale sur l&#8217;\u00e9limination de toutes les formes de discrimination raciale<\/td>\r\n<td>N\/A<\/td>\r\n<td>\u00a0<\/td>\r\n<\/tr>\r\n<tr>\r\n<td>CESCR-OP &#8211; Protocole facultatif se rapportant au Pacte international relatif aux droits \u00e9conomiques, sociaux et culturels<\/td>\r\n<td>NON<\/td>\r\n<td>\u00a0<\/td>\r\n<\/tr>\r\n<tr>\r\n<td>CMW, Art.77 &#8211; Proc\u00e9dure de plaintes individuelles sous la Convention internationale sur la protection des droits de tous les travailleurs migrants et des membres de leur famille<\/td>\r\n<td>&#8211;<\/td>\r\n<td>\u00a0<\/td>\r\n<\/tr>\r\n<tr>\r\n<td>CRC-OP-IC &#8211; Protocole facultatif \u00e0 la Convention relative aux droits de l&#8217;enfant<\/td>\r\n<td>OUI<\/td>\r\n<td>\u00a0<\/td>\r\n<\/tr>\r\n<tr>\r\n<td>CRPD-OP &#8211; Protocole facultatif se rapportant \u00e0 la Convention relative aux droits des personnes handicap\u00e9es<\/td>\r\n<td>OUI<\/td>\r\n<td>02 avr. 2008<\/td>\r\n<\/tr>\r\n<\/tbody>\r\n<\/table>\r\n<p><br \/><br \/>[\/vc_gutenberg][vc_gutenberg]<\/p>\r\n<p style=\"font-size: 18px;\"><\/p>\r\n\r\n<table class=\"wp-block-table alignfull is-style-stripes\">\r\n<tbody>\r\n<tr>\r\n<td style=\"font-weight: bold; font-size: 16px; background-color: #ce1b28; color: #f1f1f1; width: 70%;\">Trait\u00e9<\/td>\r\n<td style=\"font-weight: bold; font-size: 16px; background-color: #ce1b28; color: #f1f1f1;\">Acceptation des proc\u00e9dures d&#8217;enqu\u00eate<\/td>\r\n<td style=\"font-weight: bold; font-size: 16px; background-color: #ce1b28; color: #f1f1f1;\">Date de l&#8217;acceptation\/non acceptation<\/td>\r\n<\/tr>\r\n<tr>\r\n<td>CAT, Art.20 &#8211; Proc\u00e9dure d&#8217;enqu\u00eate sous la Convention contre la torture<\/td>\r\n<td>OUI<\/td>\r\n<td>23 sept. 1988<\/td>\r\n<\/tr>\r\n<tr>\r\n<td>CED, Art.33 &#8211; Proc\u00e9dure d&#8217;enqu\u00eate sous la Convention internationale sur la protection de toutes les personnes contre les disparitions forc\u00e9es<\/td>\r\n<td>OUI<\/td>\r\n<td>29 juin 2011<\/td>\r\n<\/tr>\r\n<tr>\r\n<td>CEDAW-OP, Art. 8-9 &#8211; Proc\u00e9dure d&#8217;enqu\u00eate sous le Protocole facultatif \u00e0 la Convention sur l&#8217;\u00e9limination de toutes les formes de discrimination \u00e0 l&#8217;\u00e9gard des femmes<\/td>\r\n<td>OUI<\/td>\r\n<td>23 sept. 2008<\/td>\r\n<\/tr>\r\n<tr>\r\n<td>CESCR-OP, Art.11 &#8211; Proc\u00e9dure d&#8217;enqu\u00eate sous le Protocole facultatif de la Convention internationale des droits \u00e9conomiques, sociaux et culturels<\/td>\r\n<td>&#8211;<\/td>\r\n<td>\u00a0<\/td>\r\n<\/tr>\r\n<tr>\r\n<td>CRC-OP-IC, Art.13 &#8211; Proc\u00e9dure d&#8217;enqu\u00eate sous le Protocole facultatif \u00e0 la Convention relative aux droits de l&#8217;enfant<\/td>\r\n<td>&#8211;<\/td>\r\n<td>\u00a0<\/td>\r\n<\/tr>\r\n<tr>\r\n<td>CRPD-OP, Art.6-7 &#8211; Proc\u00e9dure d&#8217;enqu\u00eate sous la Convention relative aux droits des personnes handicap\u00e9es<\/td>\r\n<td>OUI<\/td>\r\n<td>02 avr. 2008<\/td>\r\n<\/tr>\r\n<\/tbody>\r\n<\/table>\r\n<p>\r\n\r\n[\/vc_gutenberg][\/vc_column][\/vc_row][vc_row el_id=&#8221;tab2&#8243;][vc_column css=&#8221;.vc_custom_1580287569974{margin-top: 30px !important;margin-bottom: 30px !important;}&#8221;][vc_column_text]<\/p>\r\n<table class=\"wp-block-table alignfull is-style-stripes\">\r\n<tbody>\r\n<tr style=\"background: #CE1B28; color: #fff;\">\r\n<td style=\"width: 815px; font-size: 16px;\"><strong>Trait\u00e9<\/strong><\/td>\r\n<td style=\"width: 175px; font-size: 16px;\"><strong>Acceptation des proc\u00e9dures de plaintes individuelles<\/strong><\/td>\r\n<td style=\"width: 175px; font-size: 16px;\"><strong>Date de l\u2019acceptation\/non acceptation<\/strong><\/td>\r\n<\/tr>\r\n<tr>\r\n<td>CAT, Art.22 \u2013 Proc\u00e9dure de plaintes individuelles sous la Convention contre la torture<\/td>\r\n<td>OUI<\/td>\r\n<td>23 sept. 1988<\/td>\r\n<\/tr>\r\n<tr>\r\n<td>CCPR-OP1 \u2013 Protocole facultatif se rapportant au Pacte international relatif aux droits civils et politiques<\/td>\r\n<td>OUI<\/td>\r\n<td>29 juin 2011<\/td>\r\n<\/tr>\r\n<tr>\r\n<td>CED, Art.31 \u2013 Proc\u00e9dure de plaintes individuelles sous la Convention internationale sur la protection de toutes les personnes contre les disparitions forc\u00e9es<\/td>\r\n<td>N\/A<\/td>\r\n<td>\u00a0<\/td>\r\n<\/tr>\r\n<tr>\r\n<td>CEDAW-OP \u2013 Protocole facultatif \u00e0 la Convention sur l\u2019\u00e9limination de toutes les formes de discrimination \u00e0 l\u2019\u00e9gard des femmes<\/td>\r\n<td>OUI<\/td>\r\n<td>23 sept. 2008<\/td>\r\n<\/tr>\r\n<tr>\r\n<td>CERD, Art.14 \u2013 Proc\u00e9dure de plaintes individuelles sous la Convention internationale sur l\u2019\u00e9limination de toutes les formes de discrimination raciale<\/td>\r\n<td>N\/A<\/td>\r\n<td>\u00a0<\/td>\r\n<\/tr>\r\n<tr>\r\n<td>CESCR-OP \u2013 Protocole facultatif se rapportant au Pacte international relatif aux droits \u00e9conomiques, sociaux et culturels<\/td>\r\n<td>NON<\/td>\r\n<td>\u00a0<\/td>\r\n<\/tr>\r\n<tr>\r\n<td>CMW, Art.77 \u2013 Proc\u00e9dure de plaintes individuelles sous la Convention internationale sur la protection des droits de tous les travailleurs migrants et des membres de leur famille<\/td>\r\n<td>\u2013<\/td>\r\n<td>\u00a0<\/td>\r\n<\/tr>\r\n<tr>\r\n<td>CRC-OP-IC \u2013 Protocole facultatif \u00e0 la Convention relative aux droits de l\u2019enfant<\/td>\r\n<td>OUI<\/td>\r\n<td>\u00a0<\/td>\r\n<\/tr>\r\n<tr>\r\n<td>CRPD-OP \u2013 Protocole facultatif se rapportant \u00e0 la Convention relative aux droits des personnes handicap\u00e9es<\/td>\r\n<td>OUI<\/td>\r\n<td>02 avr. 2008<\/td>\r\n<\/tr>\r\n<\/tbody>\r\n<\/table>\r\n<p>[\/vc_column_text][\/vc_column][\/vc_row][vc_row el_id=&#8221;tab3&#8243;][vc_column css=&#8221;.vc_custom_1580287579906{margin-top: 30px !important;margin-bottom: 30px !important;}&#8221;][vc_column_text]<\/p>\r\n<table class=\"wp-block-table alignfull is-style-stripes\">\r\n<tbody>\r\n<tr style=\"background: #CE1B28; color: #fff;\">\r\n<td style=\"width: 815px; font-size: 16px;\"><strong>Trait\u00e9<\/strong><\/td>\r\n<td style=\"width: 175px; font-size: 16px;\"><strong>Acceptation des proc\u00e9dures d\u2019enqu\u00eate<\/strong><\/td>\r\n<td style=\"width: 175px; font-size: 16px;\"><strong>Date de l\u2019acceptation\/non acceptation<\/strong><\/td>\r\n<\/tr>\r\n<tr>\r\n<td>CAT, Art.20 \u2013 Proc\u00e9dure d\u2019enqu\u00eate sous la Convention contre la torture<\/td>\r\n<td>OUI<\/td>\r\n<td>23 sept. 1988<\/td>\r\n<\/tr>\r\n<tr>\r\n<td>CED, Art.33 \u2013 Proc\u00e9dure d\u2019enqu\u00eate sous la Convention internationale sur la protection de toutes les personnes contre les disparitions forc\u00e9es<\/td>\r\n<td>OUI<\/td>\r\n<td>29 juin 2011<\/td>\r\n<\/tr>\r\n<tr>\r\n<td>CEDAW-OP, Art. 8-9 \u2013 Proc\u00e9dure d\u2019enqu\u00eate sous le Protocole facultatif \u00e0 la Convention sur l\u2019\u00e9limination de toutes les formes de discrimination \u00e0 l\u2019\u00e9gard des femmes<\/td>\r\n<td>OUI<\/td>\r\n<td>23 sept. 2008<\/td>\r\n<\/tr>\r\n<tr>\r\n<td>CESCR-OP, Art.11 \u2013 Proc\u00e9dure d\u2019enqu\u00eate sous le Protocole facultatif de la Convention internationale des droits \u00e9conomiques, sociaux et culturels<\/td>\r\n<td>\u2013<\/td>\r\n<td>\u00a0<\/td>\r\n<\/tr>\r\n<tr>\r\n<td>CRC-OP-IC, Art.13 \u2013 Proc\u00e9dure d\u2019enqu\u00eate sous le Protocole facultatif \u00e0 la Convention relative aux droits de l\u2019enfant<\/td>\r\n<td>\u2013<\/td>\r\n<td>\u00a0<\/td>\r\n<\/tr>\r\n<tr>\r\n<td>CRPD-OP, Art.6-7 \u2013 Proc\u00e9dure d\u2019enqu\u00eate sous la Convention relative aux droits des personnes handicap\u00e9es<\/td>\r\n<td>OUI<\/td>\r\n<td>02 avr. 2008<\/td>\r\n<\/tr>\r\n<\/tbody>\r\n<\/table>\r\n<p>[\/vc_column_text][\/vc_column][\/vc_row]<\/p>","protected":false},"excerpt":{"rendered":"<p>[vc_row][vc_column css=&#8221;.vc_custom_1580286896530{margin-bottom: 30px !important;}&#8221;][vc_column_text] Statut de ratification pour Tunisie Acceptation des proc\u00e9dures de plaintes individuelles pour Tunisie Acceptation de la proc\u00e9dure d&#8217;enqu\u00eate pour Tunisie [\/vc_column_text][\/vc_column][\/vc_row][vc_row el_id=&#8221;tab1&#8243;][vc_column css=&#8221;.vc_custom_1580287551592{margin-top: 30px !important;margin-bottom: 30px !important;}&#8221;][vc_column_text] Trait\u00e9 Date de signature Date de ratification, Date d\u2019adh\u00e9sion (a), de succession (d) CERD \u2013 Convention internationale sur l\u2019\u00e9limination de toutes les formes de<\/p>\n","protected":false},"author":1,"featured_media":0,"parent":928,"menu_order":0,"comment_status":"closed","ping_status":"closed","template":"","meta":[],"_links":{"self":[{"href":"http:\/\/www.cnrdh.gov.tn\/fr\/wp-json\/wp\/v2\/pages\/1175"}],"collection":[{"href":"http:\/\/www.cnrdh.gov.tn\/fr\/wp-json\/wp\/v2\/pages"}],"about":[{"href":"http:\/\/www.cnrdh.gov.tn\/fr\/wp-json\/wp\/v2\/types\/page"}],"author":[{"embeddable":true,"href":"http:\/\/www.cnrdh.gov.tn\/fr\/wp-json\/wp\/v2\/users\/1"}],"replies":[{"embeddable":true,"href":"http:\/\/www.cnrdh.gov.tn\/fr\/wp-json\/wp\/v2\/comments?post=1175"}],"version-history":[{"count":56,"href":"http:\/\/www.cnrdh.gov.tn\/fr\/wp-json\/wp\/v2\/pages\/1175\/revisions"}],"predecessor-version":[{"id":1821,"href":"http:\/\/www.cnrdh.gov.tn\/fr\/wp-json\/wp\/v2\/pages\/1175\/revisions\/1821"}],"up":[{"embeddable":true,"href":"http:\/\/www.cnrdh.gov.tn\/fr\/wp-json\/wp\/v2\/pages\/928"}],"wp:attachment":[{"href":"http:\/\/www.cnrdh.gov.tn\/fr\/wp-json\/wp\/v2\/media?parent=1175"}],"curies":[{"name":"wp","href":"https:\/\/api.w.org\/{rel}","templated":true}]}}