{"id":1178,"date":"2019-11-14T22:32:13","date_gmt":"2019-11-14T21:32:13","guid":{"rendered":"\/?page_id=1178"},"modified":"2020-01-30T12:59:00","modified_gmt":"2020-01-30T11:59:00","slug":"procedures-speciales","status":"publish","type":"page","link":"http:\/\/www.cnrdh.gov.tn\/fr\/procedures-speciales\/","title":{"rendered":"Proc\u00e9dures sp\u00e9ciales"},"content":{"rendered":"<p>[vc_row el_class=&#8221;carrers_area&#8221;][vc_column width=&#8221;1\/4&#8243; el_class=&#8221;carrers_left width_100&#8243;][vc_column_text]<\/p>\n<ul class=\"nav nav-tabs\" role=\"tablist\">\n<li class=\"active\" role=\"presentation\"><a role=\"tab\" href=\"\/fr\/procedures-speciales\/\" aria-controls=\"carrers1\">Proc\u00e9dures sp\u00e9ciales<\/a><\/li>\n<li><a role=\"tab\" href=\"\/fr\/procedures-speciales\/rapporteurs-speciaux\/\" aria-controls=\"carrers1\">Rapporteurs Speciaux<\/a><\/li>\n<li role=\"presentation\"><a role=\"tab\" href=\"https:\/\/spinternet.ohchr.org\/_layouts\/15\/SpecialProceduresInternet\/ViewAllCountryMandates.aspx?Type=TM&amp;Lang=Fr\" aria-controls=\"carrers3\">Mandats<\/a><\/li>\n<li role=\"presentation\"><a role=\"tab\" href=\"\/fr\/procedures-speciales\/rapporteurs-speciaux\/visites-en-tunisie\/\" aria-controls=\"carrers4\">Visites en Tunisie<\/a><\/li>\n<li role=\"presentation\"><a role=\"tab\" href=\"\/fr\/procedures-speciales\/examen-periodique-universel-2\/\" aria-controls=\"carrers5\">Examen p\u00e9riodique universel<\/a><\/li>\n<\/ul>\n<p>[\/vc_column_text][\/vc_column][vc_column width=&#8221;3\/4&#8243; el_class=&#8221;carrers_right_content width_100&#8243;][vc_row_inner el_class=&#8221;about_company&#8221;][vc_column_inner][vc_single_image image=&#8221;1104&#8243; img_size=&#8221;full&#8221; el_class=&#8221;our_about_image&#8221; css=&#8221;.vc_custom_1572877459589{margin-bottom: 0px !important;}&#8221;][vc_column_text css=&#8221;.vc_custom_1580385537566{margin-bottom: 0px !important;}&#8221;]<\/p>\n<div class=\"section_title\">\n<p><span style=\"font-size: 16px;\">La Tunisie a adress\u00e9 le 28 f\u00e9vrier 2011 une invitation ouverte \u00e0 toutes les proc\u00e9dures sp\u00e9ciales th\u00e9matiques relevant du Conseil des droits de l\u2019Homme (groupes de travail, des rapporteurs sp\u00e9ciaux et des experts ind\u00e9pendants), aux termes de laquelle notre pays accepte toutes les demandes de visite \u00e9manant de ces proc\u00e9dures sp\u00e9ciales.<\/span><\/p>\n<ul>\n<li><a href=\"\/fr\/procedures-speciales\/\">PROC\u00c9DURES SP\u00c9CIALES<\/a><\/li>\n<li><a href=\"\/fr\/procedures-speciales\/rapporteurs-speciaux\/\">RAPPORTEURS SPECIAUX<\/a><\/li>\n<li><a href=\"https:\/\/spinternet.ohchr.org\/_layouts\/15\/SpecialProceduresInternet\/ViewAllCountryMandates.aspx?Type=TM&amp;Lang=Fr\">MANDATS<\/a><\/li>\n<li><a href=\"\/fr\/procedures-speciales\/rapporteurs-speciaux\/visites-en-tunisie\/\">VISITES EN TUNISIE<\/a><\/li>\n<li><a href=\"\/fr\/procedures-speciales\/examen-periodique-universel-2\/\">EXAMEN P\u00c9RIODIQUE UNIVERSEL<\/a><\/li>\n<\/ul>\n<\/div>\n<p>[\/vc_column_text][\/vc_column_inner][\/vc_row_inner][vc_row_inner disable_element=&#8221;yes&#8221; el_class=&#8221;we_are_content&#8221;][vc_column_inner el_class=&#8221;width_100&#8243; width=&#8221;7\/12&#8243;][vc_column_text]<\/p>\n<div class=\"we_are_text\">\n<div class=\"section_title\">\n<h2>we are stalibilish<\/h2>\n<\/div>\n<p>Nemo enim ipsam voluptatem quia voluptas sit aspernatur aut odit aut fugit, sed quia consequuntur magni dolores eos qui rat-ione voluptatem sequi nesciunt. Neque porro quisquam est, qui dolorem ipsum quia dolor sit amet, consectetur, adipisci velit, sed quia non numquam eius modi tempora.<\/p>\n<p>Ut enim ad minima veniam, quis nostrum exercitationem ullam corporis suscipit laboriosam, nisi ut aliquid ex ea commodi consequatur? Neque porro quisquam est, qui dolorem ipsum quia dolor sit amet, consectetur, adipisci velit, sed quia non numquam eius modi tempora incidunt ut labore<\/p>\n<ul>\n<li><a href=\"#\">&#8211; Building a strategic development<\/a><\/li>\n<li><a href=\"#\">&#8211; Plan is vital, as the tactics game<\/a><\/li>\n<li><a href=\"#\">&#8211; Take advantage of any investment<\/a><\/li>\n<li><a href=\"#\">&#8211; Plan a investment for future<\/a><\/li>\n<\/ul>\n<\/div>\n<p>[\/vc_column_text][\/vc_column_inner][vc_column_inner el_class=&#8221;width_100&#8243; width=&#8221;5\/12&#8243;][vc_single_image image=&#8221;395&#8243; img_size=&#8221;full&#8221; el_class=&#8221;our_about_image&#8221; css=&#8221;.vc_custom_1505803094353{margin-bottom: 0px !important;}&#8221;][vc_single_image image=&#8221;396&#8243; img_size=&#8221;full&#8221; el_class=&#8221;our_about_image&#8221; css=&#8221;.vc_custom_1505803102660{margin-bottom: 0px !important;}&#8221;][\/vc_column_inner][\/vc_row_inner][vc_row_inner disable_element=&#8221;yes&#8221; el_class=&#8221;development_process&#8221;][vc_column_inner][vc_column_text]<\/p>\n<div class=\"section_title\">\n<h2>Development Process<\/h2>\n<\/div>\n<p>Nemo enim ipsam voluptatem quia voluptas sit aspernatur aut odit aut fugit, sed quia consequuntur magni dolores eos qui ratione voluptatem sequi nesciunt. Neque porro quisquam est, qui dolorem ipsum quia dolor sit amet, consectetur, adipisci velit, sed quia non numquam eius modi tempora incidunt ut labore et dolore magnam aliquam quaerat voluptatem.[\/vc_column_text][\/vc_column_inner][\/vc_row_inner][\/vc_column][\/vc_row]<\/p>\n","protected":false},"excerpt":{"rendered":"<p>[vc_row el_class=&#8221;carrers_area&#8221;][vc_column width=&#8221;1\/4&#8243; el_class=&#8221;carrers_left width_100&#8243;][vc_column_text] Proc\u00e9dures sp\u00e9ciales Rapporteurs Speciaux Mandats Visites en Tunisie Examen p\u00e9riodique universel [\/vc_column_text][\/vc_column][vc_column width=&#8221;3\/4&#8243; el_class=&#8221;carrers_right_content width_100&#8243;][vc_row_inner el_class=&#8221;about_company&#8221;][vc_column_inner][vc_single_image image=&#8221;1104&#8243; img_size=&#8221;full&#8221; el_class=&#8221;our_about_image&#8221; css=&#8221;.vc_custom_1572877459589{margin-bottom: 0px !important;}&#8221;][vc_column_text css=&#8221;.vc_custom_1580385537566{margin-bottom: 0px !important;}&#8221;] La Tunisie a adress\u00e9 le 28 f\u00e9vrier 2011 une invitation ouverte \u00e0 toutes les proc\u00e9dures sp\u00e9ciales th\u00e9matiques relevant du Conseil des droits de l\u2019Homme (groupes<\/p>\n","protected":false},"author":1,"featured_media":0,"parent":0,"menu_order":0,"comment_status":"closed","ping_status":"closed","template":"","meta":[],"_links":{"self":[{"href":"http:\/\/www.cnrdh.gov.tn\/fr\/wp-json\/wp\/v2\/pages\/1178"}],"collection":[{"href":"http:\/\/www.cnrdh.gov.tn\/fr\/wp-json\/wp\/v2\/pages"}],"about":[{"href":"http:\/\/www.cnrdh.gov.tn\/fr\/wp-json\/wp\/v2\/types\/page"}],"author":[{"embeddable":true,"href":"http:\/\/www.cnrdh.gov.tn\/fr\/wp-json\/wp\/v2\/users\/1"}],"replies":[{"embeddable":true,"href":"http:\/\/www.cnrdh.gov.tn\/fr\/wp-json\/wp\/v2\/comments?post=1178"}],"version-history":[{"count":8,"href":"http:\/\/www.cnrdh.gov.tn\/fr\/wp-json\/wp\/v2\/pages\/1178\/revisions"}],"predecessor-version":[{"id":1931,"href":"http:\/\/www.cnrdh.gov.tn\/fr\/wp-json\/wp\/v2\/pages\/1178\/revisions\/1931"}],"wp:attachment":[{"href":"http:\/\/www.cnrdh.gov.tn\/fr\/wp-json\/wp\/v2\/media?parent=1178"}],"curies":[{"name":"wp","href":"https:\/\/api.w.org\/{rel}","templated":true}]}}