{"id":1181,"date":"2019-11-14T23:05:33","date_gmt":"2019-11-14T22:05:33","guid":{"rendered":"\/?page_id=1181"},"modified":"2020-01-30T12:54:21","modified_gmt":"2020-01-30T11:54:21","slug":"rapporteurs-speciaux","status":"publish","type":"page","link":"http:\/\/www.cnrdh.gov.tn\/fr\/procedures-speciales\/rapporteurs-speciaux\/","title":{"rendered":"Rapporteurs sp\u00e9ciaux"},"content":{"rendered":"<p>[vc_row el_class=&#8221;carrers_area&#8221;][vc_column width=&#8221;1\/4&#8243; el_class=&#8221;carrers_left width_100&#8243;][vc_column_text]<\/p>\n<ul class=\"nav nav-tabs\" role=\"tablist\">\n<li><a role=\"tab\" href=\"\/fr\/procedures-speciales\/\" aria-controls=\"carrers1\">Proc\u00e9dures sp\u00e9ciales<\/a><\/li>\n<li class=\"active\" role=\"presentation\"><a role=\"tab\" href=\"\/fr\/procedures-speciales\/rapporteurs-speciaux\/\" aria-controls=\"carrers1\">Rapporteurs Speciaux<\/a><\/li>\n<li role=\"presentation\"><a role=\"tab\" href=\"https:\/\/spinternet.ohchr.org\/_layouts\/15\/SpecialProceduresInternet\/ViewAllCountryMandates.aspx?Type=TM&amp;Lang=Fr\" aria-controls=\"carrers3\">Mandats<\/a><\/li>\n<li role=\"presentation\"><a role=\"tab\" href=\"\/fr\/procedures-speciales\/rapporteurs-speciaux\/visites-en-tunisie\/\" aria-controls=\"carrers4\">Visites en Tunisie<\/a><\/li>\n<li role=\"presentation\"><a role=\"tab\" href=\"\/fr\/procedures-speciales\/examen-periodique-universel-2\/\" aria-controls=\"carrers5\">Examen p\u00e9riodique universel<\/a><\/li>\n<\/ul>\n<p>[\/vc_column_text][\/vc_column][vc_column width=&#8221;3\/4&#8243; el_class=&#8221;carrers_right_content width_100&#8243;][vc_row_inner el_class=&#8221;about_company&#8221;][vc_column_inner][vc_column_text]<\/p>\n<div class=\"section_title\">\n<p>La Tunisie a adress\u00e9 une invitation ouverte \u00e0 toutes les proc\u00e9dures sp\u00e9ciales th\u00e9matiques relevant du Conseil des droits de l\u2019Homme (groupes de travail, des rapporteurs sp\u00e9ciaux et des experts ind\u00e9pendants), aux termes de laquelle notre pays accepte toutes les demandes de visite \u00e9manant de ces proc\u00e9dures sp\u00e9ciales.<\/p>\n<ul>\n<li><a href=\"https:\/\/spinternet.ohchr.org\/_layouts\/15\/SpecialProceduresInternet\/ViewAllCountryMandates.aspx?Type=TM&amp;Lang=Fr\" aria-controls=\"carrers3\">MANDATS<\/a><\/li>\n<li><a role=\"tab\" href=\"\/fr\/procedures-speciales\/rapporteurs-speciaux\/visites-en-tunisie\/\" aria-controls=\"carrers4\">VISITES EN TUNISIE<\/a><\/li>\n<\/ul>\n<\/div>\n<p>[\/vc_column_text][\/vc_column_inner][\/vc_row_inner][\/vc_column][\/vc_row]<\/p>\n","protected":false},"excerpt":{"rendered":"<p>[vc_row el_class=&#8221;carrers_area&#8221;][vc_column width=&#8221;1\/4&#8243; el_class=&#8221;carrers_left width_100&#8243;][vc_column_text] Proc\u00e9dures sp\u00e9ciales Rapporteurs Speciaux Mandats Visites en Tunisie Examen p\u00e9riodique universel [\/vc_column_text][\/vc_column][vc_column width=&#8221;3\/4&#8243; el_class=&#8221;carrers_right_content width_100&#8243;][vc_row_inner el_class=&#8221;about_company&#8221;][vc_column_inner][vc_column_text] La Tunisie a adress\u00e9 une invitation ouverte \u00e0 toutes les proc\u00e9dures sp\u00e9ciales th\u00e9matiques relevant du Conseil des droits de l\u2019Homme (groupes de travail, des rapporteurs sp\u00e9ciaux et des experts ind\u00e9pendants), aux termes de laquelle<\/p>\n","protected":false},"author":1,"featured_media":0,"parent":1178,"menu_order":0,"comment_status":"closed","ping_status":"closed","template":"","meta":[],"_links":{"self":[{"href":"http:\/\/www.cnrdh.gov.tn\/fr\/wp-json\/wp\/v2\/pages\/1181"}],"collection":[{"href":"http:\/\/www.cnrdh.gov.tn\/fr\/wp-json\/wp\/v2\/pages"}],"about":[{"href":"http:\/\/www.cnrdh.gov.tn\/fr\/wp-json\/wp\/v2\/types\/page"}],"author":[{"embeddable":true,"href":"http:\/\/www.cnrdh.gov.tn\/fr\/wp-json\/wp\/v2\/users\/1"}],"replies":[{"embeddable":true,"href":"http:\/\/www.cnrdh.gov.tn\/fr\/wp-json\/wp\/v2\/comments?post=1181"}],"version-history":[{"count":9,"href":"http:\/\/www.cnrdh.gov.tn\/fr\/wp-json\/wp\/v2\/pages\/1181\/revisions"}],"predecessor-version":[{"id":1930,"href":"http:\/\/www.cnrdh.gov.tn\/fr\/wp-json\/wp\/v2\/pages\/1181\/revisions\/1930"}],"up":[{"embeddable":true,"href":"http:\/\/www.cnrdh.gov.tn\/fr\/wp-json\/wp\/v2\/pages\/1178"}],"wp:attachment":[{"href":"http:\/\/www.cnrdh.gov.tn\/fr\/wp-json\/wp\/v2\/media?parent=1181"}],"curies":[{"name":"wp","href":"https:\/\/api.w.org\/{rel}","templated":true}]}}