{"id":1192,"date":"2019-11-16T11:10:14","date_gmt":"2019-11-16T10:10:14","guid":{"rendered":"\/?page_id=1192"},"modified":"2020-01-29T14:18:49","modified_gmt":"2020-01-29T13:18:49","slug":"visites-en-tunisie","status":"publish","type":"page","link":"http:\/\/www.cnrdh.gov.tn\/fr\/procedures-speciales\/rapporteurs-speciaux\/visites-en-tunisie\/","title":{"rendered":"Visites en Tunisie"},"content":{"rendered":"<p>[vc_row el_class=&#8221;carrers_area&#8221;][vc_column width=&#8221;1\/4&#8243; el_class=&#8221;carrers_left width_100&#8243;][vc_column_text]<\/p>\n<ul class=\"nav nav-tabs\" role=\"tablist\">\n<li role=\"presentation\"><a role=\"tab\" href=\"\/fr\/procedures-speciales\/\" aria-controls=\"carrers1\">Proc\u00e9dures sp\u00e9ciales<\/a><\/li>\n<li><a role=\"tab\" href=\"\/fr\/procedures-speciales\/rapporteurs-speciaux\/\" aria-controls=\"carrers1\">Rapporteurs Speciaux<\/a><\/li>\n<li role=\"presentation\"><a role=\"tab\" href=\"https:\/\/spinternet.ohchr.org\/_layouts\/15\/SpecialProceduresInternet\/ViewAllCountryMandates.aspx?Type=TM&amp;Lang=Fr\" aria-controls=\"carrers3\">Mandats<\/a><\/li>\n<li class=\"active\" role=\"presentation\"><a role=\"tab\" href=\"\/fr\/procedures-speciales\/rapporteurs-speciaux\/visites-en-tunisie\/\" aria-controls=\"carrers4\">Visites en Tunisie<\/a><\/li>\n<li role=\"presentation\"><a role=\"tab\" href=\" \/fr\/procedures-speciales\/examen-periodique-universel-2\/\">Examen p\u00e9riodique universel<\/a><\/li>\n<\/ul>\n<p>[\/vc_column_text][\/vc_column][vc_column width=&#8221;3\/4&#8243; el_class=&#8221;carrers_right_content width_100&#8243;][vc_row_inner el_class=&#8221;about_company&#8221;][vc_column_inner][vc_single_image image=&#8221;1104&#8243; img_size=&#8221;full&#8221; el_class=&#8221;our_about_image&#8221; css=&#8221;.vc_custom_1576073072723{margin-bottom: 0px !important;}&#8221;][vc_column_text css=&#8221;.vc_custom_1576073731425{margin-bottom: 0px !important;}&#8221;]<\/p>\n<div class=\"section_title\">\n<p><span style=\"font-size: 16px;\">La Tunisie a adress\u00e9 le 28 f\u00e9vrier 2011 une invitation ouverte \u00e0 toutes les proc\u00e9dures sp\u00e9ciales th\u00e9matiques relevant du Conseil des droits de l\u2019Homme (groupes de travail, des rapporteurs sp\u00e9ciaux et des experts ind\u00e9pendants), aux termes de laquelle notre pays accepte toutes les demandes de visite \u00e9manant de ces proc\u00e9dures sp\u00e9ciales.<\/span><\/p>\n<\/div>\n<p>[\/vc_column_text][vc_column_text css=&#8221;.vc_custom_1576073763667{margin-top: -35px !important;}&#8221;]<\/p>\n<table>\n<tbody>\n<tr>\n<td style=\"text-align: center;\" width=\"56\">\n<h4><strong>N\u00b0<\/strong><\/h4>\n<\/td>\n<td style=\"text-align: center;\" width=\"482\">\n<h4><strong>Proc\u00e9dures sp\u00e9ciales<\/strong><\/h4>\n<\/td>\n<td style=\"text-align: center;\" width=\"274\">\n<h4><strong>Date de visite<\/strong><\/h4>\n<\/td>\n<\/tr>\n<tr>\n<td width=\"56\">01<\/td>\n<td width=\"482\">Le Rapporteur sp\u00e9cial sur la torture et les peines ou traitements cruels, inhumains ou d\u00e9gradants<\/td>\n<td width=\"274\">du 15 mai 2011 au 22 mai 2011<\/td>\n<\/tr>\n<tr>\n<td width=\"56\">02<\/td>\n<td width=\"482\">Le Rapporteur sp\u00e9cial sur la promotion et la protection des droits de l\u2019Homme et des libert\u00e9s fondamentales dans la lutte antiterroriste,<\/td>\n<td width=\"274\">du 23 mai 2011 au 26 mai 2011<\/td>\n<\/tr>\n<tr>\n<td width=\"56\">03<\/td>\n<td width=\"482\">Le Rapporteur sp\u00e9cial sur le droit \u00e0 l\u2019\u00e9ducation<\/td>\n<td width=\"274\">du 30 avril 2012 au 9 mai 2012<\/td>\n<\/tr>\n<tr>\n<td width=\"56\">04<\/td>\n<td width=\"482\">Le Rapporteur sp\u00e9cial sur les droits de l\u2019Homme des migrants<\/td>\n<td width=\"274\">du 3 juin 2012 au 8 juin 2012<\/td>\n<\/tr>\n<tr>\n<td width=\"56\">05<\/td>\n<td width=\"482\">La Rapporteuse sp\u00e9ciale sur la situation des d\u00e9fenseurs des droits de l\u2019Homme<\/td>\n<td width=\"274\">du 27 septembre 2012 au 5 octobre 2012<\/td>\n<\/tr>\n<tr>\n<td width=\"56\">06<\/td>\n<td width=\"482\">Le Rapporteur sp\u00e9cial sur la promotion de la v\u00e9rit\u00e9, de la justice, de la r\u00e9paration et des garanties de non-r\u00e9p\u00e9tition<\/td>\n<td width=\"274\">du 10 novembre 2012 au 16 novembre 2012<\/td>\n<\/tr>\n<tr>\n<td width=\"56\">07<\/td>\n<td width=\"482\">Le Rapporteuse sp\u00e9ciale sur l\u2019ind\u00e9pendance des juges et des avocats<\/td>\n<td width=\"274\">du 27 novembre 2014 au 5 d\u00e9cembre 2014<\/td>\n<\/tr>\n<tr>\n<td width=\"56\">08<\/td>\n<td width=\"482\">Le Groupe de travail sur l\u2019utilisation de mercenaires<\/td>\n<td width=\"274\">du 1 juillet 2015 au 8 juillet 2015<\/td>\n<\/tr>\n<tr>\n<td width=\"56\">09<\/td>\n<td width=\"482\">Le Rapporteur sp\u00e9cial sur la promotion et la protection des droits de l\u2019Homme et des libert\u00e9s fondamentales dans la lutte antiterroriste,<\/td>\n<td width=\"274\">du 30 janvier 2017 au 3 f\u00e9vrier 2011<\/td>\n<\/tr>\n<tr>\n<td width=\"56\">10<\/td>\n<td width=\"482\">L\u2019expert ind\u00e9pendant des Nations Unies sur la dette ext\u00e9rieure<\/td>\n<td width=\"274\">du 20 f\u00e9vrier 2017 au 28 f\u00e9vrier 2017<\/td>\n<\/tr>\n<tr>\n<td width=\"56\">11<\/td>\n<td width=\"482\">Le Rapporteur sp\u00e9cial sur la libert\u00e9 de religion ou de conviction<\/td>\n<td width=\"274\">du 9 avril 2018 au 19 avril 2018<\/td>\n<\/tr>\n<tr>\n<td width=\"56\">12<\/td>\n<td width=\"482\">le rapporteur sp\u00e9cial sur le droit de r\u00e9union pacifique et la libert\u00e9 d&#8217;association<\/td>\n<td width=\"274\">du 17 septembre 2018 au 28 septembre 2018<\/td>\n<\/tr>\n<tr>\n<td width=\"56\">13<\/td>\n<td width=\"482\">La Rapporteuse sp\u00e9ciale sur le droit \u00e0 l\u2019\u00e9ducation<\/td>\n<td width=\"274\">du 7 avril 2019 au 12 avril 2019<\/td>\n<\/tr>\n<\/tbody>\n<\/table>\n<p>[\/vc_column_text][\/vc_column_inner][\/vc_row_inner][vc_row_inner disable_element=&#8221;yes&#8221; el_class=&#8221;we_are_content&#8221;][vc_column_inner el_class=&#8221;width_100&#8243; width=&#8221;7\/12&#8243;][vc_column_text]<\/p>\n<div class=\"we_are_text\">\n<div class=\"section_title\">\n<h2>we are stalibilish<\/h2>\n<\/div>\n<p>Nemo enim ipsam voluptatem quia voluptas sit aspernatur aut odit aut fugit, sed quia consequuntur magni dolores eos qui rat-ione voluptatem sequi nesciunt. Neque porro quisquam est, qui dolorem ipsum quia dolor sit amet, consectetur, adipisci velit, sed quia non numquam eius modi tempora.<\/p>\n<p>Ut enim ad minima veniam, quis nostrum exercitationem ullam corporis suscipit laboriosam, nisi ut aliquid ex ea commodi consequatur? Neque porro quisquam est, qui dolorem ipsum quia dolor sit amet, consectetur, adipisci velit, sed quia non numquam eius modi tempora incidunt ut labore<\/p>\n<ul>\n<li><a href=\"#\">&#8211; Building a strategic development<\/a><\/li>\n<li><a href=\"#\">&#8211; Plan is vital, as the tactics game<\/a><\/li>\n<li><a href=\"#\">&#8211; Take advantage of any investment<\/a><\/li>\n<li><a href=\"#\">&#8211; Plan a investment for future<\/a><\/li>\n<\/ul>\n<\/div>\n<p>[\/vc_column_text][\/vc_column_inner][vc_column_inner el_class=&#8221;width_100&#8243; width=&#8221;5\/12&#8243;][vc_single_image image=&#8221;395&#8243; img_size=&#8221;full&#8221; el_class=&#8221;our_about_image&#8221; css=&#8221;.vc_custom_1505803094353{margin-bottom: 0px !important;}&#8221;][vc_single_image image=&#8221;396&#8243; img_size=&#8221;full&#8221; el_class=&#8221;our_about_image&#8221; css=&#8221;.vc_custom_1505803102660{margin-bottom: 0px !important;}&#8221;][\/vc_column_inner][\/vc_row_inner][vc_row_inner disable_element=&#8221;yes&#8221; el_class=&#8221;development_process&#8221;][vc_column_inner][vc_column_text]<\/p>\n<div class=\"section_title\">\n<h2>Development Process<\/h2>\n<\/div>\n<p>Nemo enim ipsam voluptatem quia voluptas sit aspernatur aut odit aut fugit, sed quia consequuntur magni dolores eos qui ratione voluptatem sequi nesciunt. Neque porro quisquam est, qui dolorem ipsum quia dolor sit amet, consectetur, adipisci velit, sed quia non numquam eius modi tempora incidunt ut labore et dolore magnam aliquam quaerat voluptatem.[\/vc_column_text][\/vc_column_inner][\/vc_row_inner][\/vc_column][\/vc_row]<\/p>\n","protected":false},"excerpt":{"rendered":"<p>[vc_row el_class=&#8221;carrers_area&#8221;][vc_column width=&#8221;1\/4&#8243; el_class=&#8221;carrers_left width_100&#8243;][vc_column_text] Proc\u00e9dures sp\u00e9ciales Rapporteurs Speciaux Mandats Visites en Tunisie Examen p\u00e9riodique universel [\/vc_column_text][\/vc_column][vc_column width=&#8221;3\/4&#8243; el_class=&#8221;carrers_right_content width_100&#8243;][vc_row_inner el_class=&#8221;about_company&#8221;][vc_column_inner][vc_single_image image=&#8221;1104&#8243; img_size=&#8221;full&#8221; el_class=&#8221;our_about_image&#8221; css=&#8221;.vc_custom_1576073072723{margin-bottom: 0px !important;}&#8221;][vc_column_text css=&#8221;.vc_custom_1576073731425{margin-bottom: 0px !important;}&#8221;] La Tunisie a adress\u00e9 le 28 f\u00e9vrier 2011 une invitation ouverte \u00e0 toutes les proc\u00e9dures sp\u00e9ciales th\u00e9matiques relevant du Conseil des droits de l\u2019Homme (groupes<\/p>\n","protected":false},"author":1,"featured_media":0,"parent":1181,"menu_order":0,"comment_status":"closed","ping_status":"closed","template":"","meta":[],"_links":{"self":[{"href":"http:\/\/www.cnrdh.gov.tn\/fr\/wp-json\/wp\/v2\/pages\/1192"}],"collection":[{"href":"http:\/\/www.cnrdh.gov.tn\/fr\/wp-json\/wp\/v2\/pages"}],"about":[{"href":"http:\/\/www.cnrdh.gov.tn\/fr\/wp-json\/wp\/v2\/types\/page"}],"author":[{"embeddable":true,"href":"http:\/\/www.cnrdh.gov.tn\/fr\/wp-json\/wp\/v2\/users\/1"}],"replies":[{"embeddable":true,"href":"http:\/\/www.cnrdh.gov.tn\/fr\/wp-json\/wp\/v2\/comments?post=1192"}],"version-history":[{"count":5,"href":"http:\/\/www.cnrdh.gov.tn\/fr\/wp-json\/wp\/v2\/pages\/1192\/revisions"}],"predecessor-version":[{"id":1891,"href":"http:\/\/www.cnrdh.gov.tn\/fr\/wp-json\/wp\/v2\/pages\/1192\/revisions\/1891"}],"up":[{"embeddable":true,"href":"http:\/\/www.cnrdh.gov.tn\/fr\/wp-json\/wp\/v2\/pages\/1181"}],"wp:attachment":[{"href":"http:\/\/www.cnrdh.gov.tn\/fr\/wp-json\/wp\/v2\/media?parent=1192"}],"curies":[{"name":"wp","href":"https:\/\/api.w.org\/{rel}","templated":true}]}}