{"id":1627,"date":"2019-12-23T15:01:03","date_gmt":"2019-12-23T14:01:03","guid":{"rendered":"\/?page_id=1627"},"modified":"2020-01-29T14:20:41","modified_gmt":"2020-01-29T13:20:41","slug":"examen-periodique-universel-2","status":"publish","type":"page","link":"http:\/\/www.cnrdh.gov.tn\/fr\/procedures-speciales\/examen-periodique-universel-2\/","title":{"rendered":"Examen p\u00e9riodique universel"},"content":{"rendered":"<p>[vc_row el_class=&#8221;carrers_area&#8221;][vc_column width=&#8221;1\/4&#8243; el_class=&#8221;carrers_left width_100&#8243;][vc_column_text]<\/p>\n<ul class=\"nav nav-tabs\" role=\"tablist\">\n<li><a role=\"tab\" href=\"\/fr\/procedures-speciales\/\" aria-controls=\"carrers1\">Proc\u00e9dures sp\u00e9ciales<\/a><\/li>\n<li><a role=\"tab\" href=\"\/fr\/procedures-speciales\/rapporteurs-speciaux\/\" aria-controls=\"carrers1\">Rapporteurs Speciaux<\/a><\/li>\n<li role=\"presentation\"><a role=\"tab\" href=\"https:\/\/spinternet.ohchr.org\/_layouts\/15\/SpecialProceduresInternet\/ViewAllCountryMandates.aspx?Type=TM&amp;Lang=Fr\" aria-controls=\"carrers3\">Mandats<\/a><\/li>\n<li role=\"presentation\"><a role=\"tab\" href=\"\/fr\/procedures-speciales\/rapporteurs-speciaux\/visites-en-tunisie\/\" aria-controls=\"carrers4\">Visites en Tunisie<\/a><\/li>\n<li class=\"active\" role=\"presentation\"><a role=\"tab\" href=\"\/fr\/procedures-speciales\/examen-periodique-universel-2\/\" aria-controls=\"carrers5\">Examen p\u00e9riodique universel<\/a><\/li>\n<\/ul>\n<p>[\/vc_column_text][\/vc_column][vc_column width=&#8221;3\/4&#8243; el_class=&#8221;carrers_right_content width_100&#8243;][vc_row_inner el_class=&#8221;about_company&#8221;][vc_column_inner][vc_single_image image=&#8221;1104&#8243; img_size=&#8221;full&#8221; el_class=&#8221;our_about_image&#8221; css=&#8221;.vc_custom_1577111419847{margin-bottom: 35px !important;}&#8221;][vc_column_text css=&#8221;.vc_custom_1580294877988{margin-bottom: 0px !important;}&#8221;]L\u2019Examen p\u00e9riodique universel (EPU) est un processus unique en son genre. Il consiste \u00e0 passer en revue les r\u00e9alisations de l\u2019ensemble des Etats membres de l\u2019ONU dans le domaine des droits de l\u2019homme. Il s\u2019agit d\u2019un processus men\u00e9 par les Etats, sous les auspices du Conseil des droits de l\u2019homme. Il fournit \u00e0 chaque Etat l\u2019opportunit\u00e9 de pr\u00e9senter les mesures qu\u2019il a pris pour am\u00e9liorer la situation des droits de l\u2019homme sur son territoire et remplir ses obligations en la mati\u00e8re. M\u00e9canisme central du Conseil des droits de l\u2019homme, l\u2019EPU est con\u00e7u pour assurer une \u00e9galit\u00e9 de traitement \u00e0 chaque pays.<br \/>\nL\u2019Examen p\u00e9riodique universel (EPU) a \u00e9t\u00e9 \u00e9tabli par la r\u00e9solution 60\/251 de l\u2019Assembl\u00e9e g\u00e9n\u00e9rale des Nations Unies, r\u00e9solution adopt\u00e9e le 15 mars 2006 et qui est \u00e0 l\u2019origine de la cr\u00e9ation du Conseil des droits de l\u2019homme. Ce processus, bas\u00e9 sur la coop\u00e9ration, a permis \u00e0 fin octobre 2011, d\u2019examiner la situation des droits de l\u2019homme des 193 Etats membres de l&#8217;ONU. Aucun autre m\u00e9canisme universel de ce type n\u2019existe \u00e0 l\u2019heure actuelle. L\u2019EPU est un des piliers sur lequel s\u2019appuie le Conseil : il rappelle aux Etats leur responsabilit\u00e9 de respecter pleinement et de mettre en \u0153uvre tous les droits de l\u2019homme et libert\u00e9s fondamentales. L\u2019objectif ultime de l\u2019EPU est d\u2019am\u00e9liorer la situation des droits de l\u2019homme dans tous les pays et de traiter des violations des droits de l\u2019homme, o\u00f9 qu\u2019elles se produisent.[\/vc_column_text][\/vc_column_inner][\/vc_row_inner][\/vc_column][\/vc_row]<\/p>\n","protected":false},"excerpt":{"rendered":"<p>[vc_row el_class=&#8221;carrers_area&#8221;][vc_column width=&#8221;1\/4&#8243; el_class=&#8221;carrers_left width_100&#8243;][vc_column_text] Proc\u00e9dures sp\u00e9ciales Rapporteurs Speciaux Mandats Visites en Tunisie Examen p\u00e9riodique universel [\/vc_column_text][\/vc_column][vc_column width=&#8221;3\/4&#8243; el_class=&#8221;carrers_right_content width_100&#8243;][vc_row_inner el_class=&#8221;about_company&#8221;][vc_column_inner][vc_single_image image=&#8221;1104&#8243; img_size=&#8221;full&#8221; el_class=&#8221;our_about_image&#8221; css=&#8221;.vc_custom_1577111419847{margin-bottom: 35px !important;}&#8221;][vc_column_text css=&#8221;.vc_custom_1580294877988{margin-bottom: 0px !important;}&#8221;]L\u2019Examen p\u00e9riodique universel (EPU) est un processus unique en son genre. Il consiste \u00e0 passer en revue les r\u00e9alisations de l\u2019ensemble des Etats membres de l\u2019ONU<\/p>\n","protected":false},"author":1,"featured_media":0,"parent":1178,"menu_order":0,"comment_status":"closed","ping_status":"closed","template":"","meta":[],"_links":{"self":[{"href":"http:\/\/www.cnrdh.gov.tn\/fr\/wp-json\/wp\/v2\/pages\/1627"}],"collection":[{"href":"http:\/\/www.cnrdh.gov.tn\/fr\/wp-json\/wp\/v2\/pages"}],"about":[{"href":"http:\/\/www.cnrdh.gov.tn\/fr\/wp-json\/wp\/v2\/types\/page"}],"author":[{"embeddable":true,"href":"http:\/\/www.cnrdh.gov.tn\/fr\/wp-json\/wp\/v2\/users\/1"}],"replies":[{"embeddable":true,"href":"http:\/\/www.cnrdh.gov.tn\/fr\/wp-json\/wp\/v2\/comments?post=1627"}],"version-history":[{"count":8,"href":"http:\/\/www.cnrdh.gov.tn\/fr\/wp-json\/wp\/v2\/pages\/1627\/revisions"}],"predecessor-version":[{"id":1892,"href":"http:\/\/www.cnrdh.gov.tn\/fr\/wp-json\/wp\/v2\/pages\/1627\/revisions\/1892"}],"up":[{"embeddable":true,"href":"http:\/\/www.cnrdh.gov.tn\/fr\/wp-json\/wp\/v2\/pages\/1178"}],"wp:attachment":[{"href":"http:\/\/www.cnrdh.gov.tn\/fr\/wp-json\/wp\/v2\/media?parent=1627"}],"curies":[{"name":"wp","href":"https:\/\/api.w.org\/{rel}","templated":true}]}}