{"id":1719,"date":"2020-01-22T14:00:10","date_gmt":"2020-01-22T13:00:10","guid":{"rendered":"\/%d9%87%d9%8a%d8%a6%d8%a7%d8%aa-%d9%85%d8%b9%d8%a7%d9%87%d8%af%d8%a7%d8%aa-%d8%ad%d9%82%d9%88%d9%82-%d8%a7%d9%84%d8%a7%d9%86%d8%b3%d8%a7%d9%86\/"},"modified":"2020-01-29T10:45:15","modified_gmt":"2020-01-29T09:45:15","slug":"les-organes-de-traites","status":"publish","type":"page","link":"http:\/\/www.cnrdh.gov.tn\/fr\/les-organes-de-traites\/","title":{"rendered":"Les organes de trait\u00e9s"},"content":{"rendered":"<p>[vc_row el_class=&#8221;carrers_area&#8221;][vc_column el_class=&#8221;carrers_left width_100&#8243; css=&#8221;.vc_custom_1579701121830{margin-left: 50px !important;}&#8221;][vc_row_inner el_class=&#8221;about_company&#8221;][vc_column_inner css=&#8221;.vc_custom_1579698909926{padding-right: 50px !important;}&#8221;][vc_single_image image=&#8221;1104&#8243; img_size=&#8221;full&#8221; alignment=&#8221;center&#8221; el_class=&#8221;our_about_image&#8221; css=&#8221;.vc_custom_1580291113548{margin-bottom: 0px !important;}&#8221;][vc_column_text css=&#8221;.vc_custom_1580225512664{margin-top: 20px !important;}&#8221;]<\/p>\n<p style=\"font-weight: 400;\">Il y a\u00a0des organes de trait\u00e9s sur les droits de l\u2019homme qui surveillent la mise en \u0153uvre des\u00a0<a href=\"https:\/\/www.ohchr.org\/FR\/ProfessionalInterest\/Pages\/InternationalLaw.aspx\" data-saferedirecturl=\"https:\/\/www.google.com\/url?q=https:\/\/www.ohchr.org\/FR\/ProfessionalInterest\/Pages\/InternationalLaw.aspx&amp;source=gmail&amp;ust=1579785825093000&amp;usg=AFQjCNF3HClVlJnErV4SS8zk3kbxZeQJvw\">principaux trait\u00e9s internationaux sur les droits de l\u2019homme<\/a>\u00a0:<\/p>\n<ul>\n<li style=\"font-weight: 400;\"><a href=\"https:\/\/www.ohchr.org\/FR\/HRBodies\/CCPR\/Pages\/CCPRIndex.aspx\" data-saferedirecturl=\"https:\/\/www.google.com\/url?q=https:\/\/www.ohchr.org\/FR\/HRBodies\/CCPR\/Pages\/CCPRIndex.aspx&amp;source=gmail&amp;ust=1579785825093000&amp;usg=AFQjCNGIY45Mxm_DW-BjmuIHx4HxE-ql8g\">Le Comit\u00e9 des droits de l&#8217;homme<\/a>\u00a0(CCPR)<\/li>\n<li style=\"font-weight: 400;\"><a href=\"https:\/\/www.ohchr.org\/FR\/hrbodies\/cescr\/pages\/cescrindex.aspx\" data-saferedirecturl=\"https:\/\/www.google.com\/url?q=https:\/\/www.ohchr.org\/FR\/hrbodies\/cescr\/pages\/cescrindex.aspx&amp;source=gmail&amp;ust=1579785825093000&amp;usg=AFQjCNF0ke4mykHYd1pqEHs2HoFkJvZizw\">Le Comit\u00e9 des droits \u00e9conomiques, sociaux et culturels\u00a0<\/a>\u00a0(CESCR)<\/li>\n<li style=\"font-weight: 400;\"><a href=\"https:\/\/www.ohchr.org\/FR\/HRBodies\/CERD\/Pages\/CERDIndex.aspx\" data-saferedirecturl=\"https:\/\/www.google.com\/url?q=https:\/\/www.ohchr.org\/FR\/HRBodies\/CERD\/Pages\/CERDIndex.aspx&amp;source=gmail&amp;ust=1579785825093000&amp;usg=AFQjCNFmbwaS1zYDCzCwZZZf7YQroi7BOg\">Le Comit\u00e9 pour l\u2019\u00e9limination de la discrimination raciale<\/a>\u00a0(CERD)<\/li>\n<li style=\"font-weight: 400;\"><a href=\"https:\/\/www.ohchr.org\/FR\/HRBodies\/cedaw\/pages\/cedawindex.aspx\" data-saferedirecturl=\"https:\/\/www.google.com\/url?q=https:\/\/www.ohchr.org\/FR\/HRBodies\/cedaw\/pages\/cedawindex.aspx&amp;source=gmail&amp;ust=1579785825094000&amp;usg=AFQjCNFwl8Ms7ymAMEbiVUAQnlrGf63Y4Q\">Le Comit\u00e9 pour l&#8217;\u00e9limination de la discrimination \u00e0 l&#8217;\u00e9gard des femmes<\/a>\u00a0(CEDAW)<\/li>\n<li style=\"font-weight: 400;\"><a href=\"https:\/\/www.ohchr.org\/FR\/hrbodies\/cat\/pages\/catindex.aspx\" data-saferedirecturl=\"https:\/\/www.google.com\/url?q=https:\/\/www.ohchr.org\/FR\/hrbodies\/cat\/pages\/catindex.aspx&amp;source=gmail&amp;ust=1579785825094000&amp;usg=AFQjCNEXovIFmHZG925yfoHyNXKcE-FjiQ\">Le Comit\u00e9 contre la torture<\/a>\u00a0(CAT)<\/li>\n<li style=\"font-weight: 400;\"><a href=\"https:\/\/www.ohchr.org\/FR\/HRBodies\/OPCAT\/Pages\/OPCATIndex.aspx\" data-saferedirecturl=\"https:\/\/www.google.com\/url?q=https:\/\/www.ohchr.org\/FR\/HRBodies\/OPCAT\/Pages\/OPCATIndex.aspx&amp;source=gmail&amp;ust=1579785825094000&amp;usg=AFQjCNEr5vNKQGqlh8xRSYz_SNBcMb-dpg\">Sous-Comit\u00e9 pour la pr\u00e9vention de la torture<\/a>\u00a0(SPT)<\/li>\n<li style=\"font-weight: 400;\"><a href=\"https:\/\/www.ohchr.org\/FR\/HRBodies\/CRC\/Pages\/CRCIndex.aspx\" data-saferedirecturl=\"https:\/\/www.google.com\/url?q=https:\/\/www.ohchr.org\/FR\/HRBodies\/CRC\/Pages\/CRCIndex.aspx&amp;source=gmail&amp;ust=1579785825094000&amp;usg=AFQjCNHJWKLrTv8woP0_wwA_gKsK7jINBQ\">Le Comit\u00e9 des droits de l&#8217;enfant<\/a>\u00a0(CRC)<\/li>\n<li style=\"font-weight: 400;\"><a href=\"https:\/\/www.ohchr.org\/FR\/HRBodies\/CRPD\/Pages\/CRPDIndex.aspx\" data-saferedirecturl=\"https:\/\/www.google.com\/url?q=https:\/\/www.ohchr.org\/FR\/HRBodies\/CRPD\/Pages\/CRPDIndex.aspx&amp;source=gmail&amp;ust=1579785825094000&amp;usg=AFQjCNFy1sJiDtzdPrQ6SIr1sCue8ZCLhA\">Comit\u00e9 des droits des personnes handicap\u00e9es<\/a>\u00a0(CRPD)<\/li>\n<li style=\"font-weight: 400;\"><a href=\"https:\/\/www.ohchr.org\/FR\/HRBodies\/CED\/Pages\/CEDIndex.aspx\" data-saferedirecturl=\"https:\/\/www.google.com\/url?q=https:\/\/www.ohchr.org\/FR\/HRBodies\/CED\/Pages\/CEDIndex.aspx&amp;source=gmail&amp;ust=1579785825094000&amp;usg=AFQjCNFz4foOdVMwvwKxNkjvcxsmijX70g\">Comit\u00e9 des disparitions forc\u00e9es<\/a>\u00a0(CED)<\/li>\n<\/ul>\n<p>[\/vc_column_text][\/vc_column_inner][\/vc_row_inner][\/vc_column][\/vc_row][vc_row disable_element=&#8221;yes&#8221;][vc_column][vc_column_text]<\/p>\n<ul class=\"nav nav-tabs\" role=\"tablist\">\n<li role=\"presentation\"><a role=\"tab\" href=\"\/%d8%a7%d9%84%d8%a7%d8%ac%d8%b1%d8%a7%d8%a1%d8%a7%d8%aa-%d8%a7%d9%84%d8%ae%d8%a7%d8%b5%d8%a9-%d9%84%d9%84%d8%a3%d9%85%d9%85-%d8%a7%d9%84%d9%85%d8%aa%d8%ad%d8%af%d8%a9\/?lang=ar\" aria-controls=\"carrers1\">\u0627\u0644\u0625\u062c\u0631\u0627\u0621\u0627\u062a \u0627\u0644\u062e\u0627\u0635\u0629<\/a><\/li>\n<li role=\"presentation\"><a role=\"tab\" href=\"\/%d8%a7%d9%84%d8%a7%d8%ac%d8%b1%d8%a7%d8%a1%d8%a7%d8%aa-%d8%a7%d9%84%d8%ae%d8%a7%d8%b5%d8%a9-%d9%84%d9%84%d8%a3%d9%85%d9%85-%d8%a7%d9%84%d9%85%d8%aa%d8%ad%d8%af%d8%a9\/rapporteurs-speciaux\/?lang=ar\" aria-controls=\"carrers1\">\u0627\u0644\u0645\u0642\u0631\u0631\u0648\u0646 \u0627\u0644\u062e\u0627\u0635\u0648\u0646<\/a><\/li>\n<li role=\"presentation\"><a role=\"tab\" href=\"https:\/\/spinternet.ohchr.org\/_layouts\/15\/SpecialProceduresInternet\/ViewAllCountryMandates.aspx?Type=TM&amp;Lang=Fr\" aria-controls=\"carrers3\">\u0627\u0644\u0648\u0644\u0627\u064a\u0627\u062a <\/a><\/li>\n<li role=\"presentation\"><a role=\"tab\" href=\"\/%d8%a7%d9%84%d8%a7%d8%ac%d8%b1%d8%a7%d8%a1%d8%a7%d8%aa-%d8%a7%d9%84%d8%ae%d8%a7%d8%b5%d8%a9-%d9%84%d9%84%d8%a3%d9%85%d9%85-%d8%a7%d9%84%d9%85%d8%aa%d8%ad%d8%af%d8%a9\/rapporteurs-speciaux\/%d8%a7%d9%84%d8%b2%d9%8a%d8%a7%d8%b1%d8%a7%d8%aa-%d8%a5%d9%84%d9%89-%d8%aa%d9%88%d9%86%d8%b3\/?lang=ar\" aria-controls=\"carrers4\">\u0627\u0644\u0632\u064a\u0627\u0631\u0627\u062a \u0625\u0644\u0649 \u062a\u0648\u0646\u0633<\/a><\/li>\n<li role=\"presentation\"><a role=\"tab\" href=\"\/%d8%a7%d9%84%d8%a7%d8%ac%d8%b1%d8%a7%d8%a1%d8%a7%d8%aa-%d8%a7%d9%84%d8%ae%d8%a7%d8%b5%d8%a9-%d9%84%d9%84%d8%a3%d9%85%d9%85-%d8%a7%d9%84%d9%85%d8%aa%d8%ad%d8%af%d8%a9\/examen-periodique-universel-2\/?lang=ar\" aria-controls=\"carrers5\">\u0627\u0644\u0625\u0633\u062a\u0639\u0631\u0627\u0636 \u0627\u0644\u062f\u0648\u0631\u064a \u0627\u0644\u0634\u0627\u0645\u0644<\/a><\/li>\n<li class=\"active\"><a role=\"tab\" href=\"\/%d8%a7%d9%84%d8%a7%d8%ac%d8%b1%d8%a7%d8%a1%d8%a7%d8%aa-%d8%a7%d9%84%d8%ae%d8%a7%d8%b5%d8%a9-%d9%84%d9%84%d8%a3%d9%85%d9%85-%d8%a7%d9%84%d9%85%d8%aa%d8%ad%d8%af%d8%a9\/%d9%87%d9%8a%d8%a6%d8%a7%d8%aa-%d8%a7%d9%84%d9%85%d8%b9%d8%a7%d9%87%d8%af%d8%a7%d8%aa\/?lang=ar\" aria-controls=\"carrers1\">\u0647\u064a\u0626\u0627\u062a \u0627\u0644\u0645\u0639\u0627\u0647\u062f\u0627\u062a<\/a><\/li>\n<\/ul>\n<p>[\/vc_column_text][\/vc_column][\/vc_row]<\/p>\n","protected":false},"excerpt":{"rendered":"<p>[vc_row el_class=&#8221;carrers_area&#8221;][vc_column el_class=&#8221;carrers_left width_100&#8243; css=&#8221;.vc_custom_1579701121830{margin-left: 50px !important;}&#8221;][vc_row_inner el_class=&#8221;about_company&#8221;][vc_column_inner css=&#8221;.vc_custom_1579698909926{padding-right: 50px !important;}&#8221;][vc_single_image image=&#8221;1104&#8243; img_size=&#8221;full&#8221; alignment=&#8221;center&#8221; el_class=&#8221;our_about_image&#8221; css=&#8221;.vc_custom_1580291113548{margin-bottom: 0px !important;}&#8221;][vc_column_text css=&#8221;.vc_custom_1580225512664{margin-top: 20px !important;}&#8221;] Il y a\u00a0des organes de trait\u00e9s sur les droits de l\u2019homme qui surveillent la mise en \u0153uvre des\u00a0principaux trait\u00e9s internationaux sur les droits de l\u2019homme\u00a0: Le Comit\u00e9 des droits de l&#8217;homme\u00a0(CCPR) Le Comit\u00e9 des<\/p>\n","protected":false},"author":1,"featured_media":0,"parent":0,"menu_order":0,"comment_status":"closed","ping_status":"closed","template":"","meta":[],"_links":{"self":[{"href":"http:\/\/www.cnrdh.gov.tn\/fr\/wp-json\/wp\/v2\/pages\/1719"}],"collection":[{"href":"http:\/\/www.cnrdh.gov.tn\/fr\/wp-json\/wp\/v2\/pages"}],"about":[{"href":"http:\/\/www.cnrdh.gov.tn\/fr\/wp-json\/wp\/v2\/types\/page"}],"author":[{"embeddable":true,"href":"http:\/\/www.cnrdh.gov.tn\/fr\/wp-json\/wp\/v2\/users\/1"}],"replies":[{"embeddable":true,"href":"http:\/\/www.cnrdh.gov.tn\/fr\/wp-json\/wp\/v2\/comments?post=1719"}],"version-history":[{"count":8,"href":"http:\/\/www.cnrdh.gov.tn\/fr\/wp-json\/wp\/v2\/pages\/1719\/revisions"}],"predecessor-version":[{"id":1838,"href":"http:\/\/www.cnrdh.gov.tn\/fr\/wp-json\/wp\/v2\/pages\/1719\/revisions\/1838"}],"wp:attachment":[{"href":"http:\/\/www.cnrdh.gov.tn\/fr\/wp-json\/wp\/v2\/media?parent=1719"}],"curies":[{"name":"wp","href":"https:\/\/api.w.org\/{rel}","templated":true}]}}