{"id":28,"date":"2017-09-06T11:10:19","date_gmt":"2017-09-06T11:10:19","guid":{"rendered":"http:\/\/demos.pixelatethemes.com\/consultpluslst\/?page_id=28"},"modified":"2020-01-29T14:22:26","modified_gmt":"2020-01-29T13:22:26","slug":"a-propos","status":"publish","type":"page","link":"http:\/\/www.cnrdh.gov.tn\/fr\/a-propos\/","title":{"rendered":"A Propos"},"content":{"rendered":"<p>[vc_row el_class=&#8221;carrers_area&#8221;][vc_column width=&#8221;1\/4&#8243; el_class=&#8221;carrers_left width_100&#8243;][vc_column_text]<\/p>\n<ul class=\"nav nav-tabs\" role=\"tablist\">\n<li class=\"active\" role=\"presentation\"><a role=\"tab\" href=\"\/fr\/a-propos\/\" aria-controls=\"carrers1\">Qui sommes-nous<\/a><\/li>\n<li><a role=\"tab\" href=\"\/fr\/cadre-reglementaire\/\" aria-controls=\"carrers1\">Cadre r\u00e9glementaire<\/a><\/li>\n<li role=\"presentation\"><a role=\"tab\" href=\"\/fr\/missions\/\" aria-controls=\"carrers3\">Missions<\/a><\/li>\n<li role=\"presentation\"><a role=\"tab\" href=\"\/fr\/attributions\/\" aria-controls=\"carrers4\">Attributions<\/a><\/li>\n<li role=\"presentation\"><a role=\"tab\" href=\"\/fr\/composition\/\" aria-controls=\"carrers5\">Composition<\/a><\/li>\n<\/ul>\n<p>[\/vc_column_text][\/vc_column][vc_column width=&#8221;3\/4&#8243; el_class=&#8221;carrers_right_content width_100&#8243;][vc_row_inner el_class=&#8221;about_company&#8221;][vc_column_inner][vc_single_image image=&#8221;1104&#8243; img_size=&#8221;full&#8221; el_class=&#8221;our_about_image&#8221; css=&#8221;.vc_custom_1572877459589{margin-bottom: 0px !important;}&#8221;][vc_column_text]<\/p>\n<div class=\"section_title\">\n<h2>Qui sommes-nous<\/h2>\n<\/div>\n<p>En 2015, la Tunisie s\u2019est dot\u00e9e d\u2019un m\u00e9canisme national de <em>reporting<\/em> et de <em>follow-up<\/em> des recommandations en mati\u00e8re des droits de l\u2019Homme (NMRF).<\/p>\n<p>Ce m\u00e9canisme d\u00e9sign\u00e9 &#8220;Commission nationale de coordination, d\u2019\u00e9laboration et de pr\u00e9sentation des rapports et de suivi des recommandations dans le domaine des droits de l\u2019Homme&#8221; a \u00e9t\u00e9 cr\u00e9\u00e9 par le d\u00e9cret gouvernemental n\u00b0 2015-1593 du 30 octobre 2015, et les textes qui l\u2019ont modifi\u00e9 ou compl\u00e9t\u00e9.[\/vc_column_text][\/vc_column_inner][\/vc_row_inner][vc_row_inner disable_element=&#8221;yes&#8221; el_class=&#8221;we_are_content&#8221;][vc_column_inner el_class=&#8221;width_100&#8243; width=&#8221;7\/12&#8243;][vc_column_text]<\/p>\n<div class=\"we_are_text\">\n<div class=\"section_title\">\n<h2>we are stalibilish<\/h2>\n<\/div>\n<p>Nemo enim ipsam voluptatem quia voluptas sit aspernatur aut odit aut fugit, sed quia consequuntur magni dolores eos qui rat-ione voluptatem sequi nesciunt. Neque porro quisquam est, qui dolorem ipsum quia dolor sit amet, consectetur, adipisci velit, sed quia non numquam eius modi tempora.<\/p>\n<p>Ut enim ad minima veniam, quis nostrum exercitationem ullam corporis suscipit laboriosam, nisi ut aliquid ex ea commodi consequatur? Neque porro quisquam est, qui dolorem ipsum quia dolor sit amet, consectetur, adipisci velit, sed quia non numquam eius modi tempora incidunt ut labore<\/p>\n<ul>\n<li><a href=\"#\">&#8211; Building a strategic development<\/a><\/li>\n<li><a href=\"#\">&#8211; Plan is vital, as the tactics game<\/a><\/li>\n<li><a href=\"#\">&#8211; Take advantage of any investment<\/a><\/li>\n<li><a href=\"#\">&#8211; Plan a investment for future<\/a><\/li>\n<\/ul>\n<\/div>\n<p>[\/vc_column_text][\/vc_column_inner][vc_column_inner el_class=&#8221;width_100&#8243; width=&#8221;5\/12&#8243;][vc_single_image image=&#8221;395&#8243; img_size=&#8221;full&#8221; el_class=&#8221;our_about_image&#8221; css=&#8221;.vc_custom_1505803094353{margin-bottom: 0px !important;}&#8221;][vc_single_image image=&#8221;396&#8243; img_size=&#8221;full&#8221; el_class=&#8221;our_about_image&#8221; css=&#8221;.vc_custom_1505803102660{margin-bottom: 0px !important;}&#8221;][\/vc_column_inner][\/vc_row_inner][vc_row_inner disable_element=&#8221;yes&#8221; el_class=&#8221;development_process&#8221;][vc_column_inner][vc_column_text]<\/p>\n<div class=\"section_title\">\n<h2>Development Process<\/h2>\n<\/div>\n<p>Nemo enim ipsam voluptatem quia voluptas sit aspernatur aut odit aut fugit, sed quia consequuntur magni dolores eos qui ratione voluptatem sequi nesciunt. Neque porro quisquam est, qui dolorem ipsum quia dolor sit amet, consectetur, adipisci velit, sed quia non numquam eius modi tempora incidunt ut labore et dolore magnam aliquam quaerat voluptatem.[\/vc_column_text][\/vc_column_inner][\/vc_row_inner][\/vc_column][\/vc_row]<\/p>\n","protected":false},"excerpt":{"rendered":"<p>[vc_row el_class=&#8221;carrers_area&#8221;][vc_column width=&#8221;1\/4&#8243; el_class=&#8221;carrers_left width_100&#8243;][vc_column_text] Qui sommes-nous Cadre r\u00e9glementaire Missions Attributions Composition [\/vc_column_text][\/vc_column][vc_column width=&#8221;3\/4&#8243; el_class=&#8221;carrers_right_content width_100&#8243;][vc_row_inner el_class=&#8221;about_company&#8221;][vc_column_inner][vc_single_image image=&#8221;1104&#8243; img_size=&#8221;full&#8221; el_class=&#8221;our_about_image&#8221; css=&#8221;.vc_custom_1572877459589{margin-bottom: 0px !important;}&#8221;][vc_column_text] Qui sommes-nous En 2015, la Tunisie s\u2019est dot\u00e9e d\u2019un m\u00e9canisme national de reporting et de follow-up des recommandations en mati\u00e8re des droits de l\u2019Homme (NMRF). Ce m\u00e9canisme d\u00e9sign\u00e9 &#8220;Commission nationale de coordination,<\/p>\n","protected":false},"author":1,"featured_media":0,"parent":0,"menu_order":0,"comment_status":"closed","ping_status":"closed","template":"","meta":[],"_links":{"self":[{"href":"http:\/\/www.cnrdh.gov.tn\/fr\/wp-json\/wp\/v2\/pages\/28"}],"collection":[{"href":"http:\/\/www.cnrdh.gov.tn\/fr\/wp-json\/wp\/v2\/pages"}],"about":[{"href":"http:\/\/www.cnrdh.gov.tn\/fr\/wp-json\/wp\/v2\/types\/page"}],"author":[{"embeddable":true,"href":"http:\/\/www.cnrdh.gov.tn\/fr\/wp-json\/wp\/v2\/users\/1"}],"replies":[{"embeddable":true,"href":"http:\/\/www.cnrdh.gov.tn\/fr\/wp-json\/wp\/v2\/comments?post=28"}],"version-history":[{"count":13,"href":"http:\/\/www.cnrdh.gov.tn\/fr\/wp-json\/wp\/v2\/pages\/28\/revisions"}],"predecessor-version":[{"id":1893,"href":"http:\/\/www.cnrdh.gov.tn\/fr\/wp-json\/wp\/v2\/pages\/28\/revisions\/1893"}],"wp:attachment":[{"href":"http:\/\/www.cnrdh.gov.tn\/fr\/wp-json\/wp\/v2\/media?parent=28"}],"curies":[{"name":"wp","href":"https:\/\/api.w.org\/{rel}","templated":true}]}}